{"id":23360,"date":"2023-09-13T11:00:04","date_gmt":"2023-09-13T08:00:04","guid":{"rendered":"https:\/\/farwell.ee\/toode\/kokteililisandite-karp-e-bar-caddy-6-nouga\/"},"modified":"2026-03-03T09:45:07","modified_gmt":"2026-03-03T07:45:07","slug":"kokteililisandite-karp-e-bar-caddy-6-nouga","status":"publish","type":"product","link":"https:\/\/farwell.ee\/en\/product\/kokteililisandite-karp-e-bar-caddy-6-nouga\/","title":{"rendered":"Kokteililisandite karp e. Bar Caddy 6-n\u00f5uga"},"content":{"rendered":"","protected":false},"excerpt":{"rendered":"<p>T\u00fckeldatud tsitrusviljade, kokteilikirsside ja muude v\u00e4ikeste kokteililisandite s\u00e4ilitamiseks.<br \/>\nMust plastikust korpus.<br \/>\nL\u00e4bipaistev kaas.<\/p>","protected":false},"featured_media":28584,"template":"","meta":{"_acf_changed":false,"inline_featured_image":false},"product_brand":[],"product_cat":[7528],"product_tag":[],"class_list":{"0":"post-23360","1":"product","2":"type-product","3":"status-publish","4":"has-post-thumbnail","6":"product_cat-muud-tarvikud","7":"pa_kaubamark-aps","9":"first","10":"outofstock","11":"shipping-taxable","12":"purchasable","13":"product-type-simple"},"acf":[],"_links":{"self":[{"href":"https:\/\/farwell.ee\/en\/wp-json\/wp\/v2\/product\/23360","targetHints":{"allow":["GET"]}}],"collection":[{"href":"https:\/\/farwell.ee\/en\/wp-json\/wp\/v2\/product"}],"about":[{"href":"https:\/\/farwell.ee\/en\/wp-json\/wp\/v2\/types\/product"}],"wp:featuredmedia":[{"embeddable":true,"href":"https:\/\/farwell.ee\/en\/wp-json\/wp\/v2\/media\/28584"}],"wp:attachment":[{"href":"https:\/\/farwell.ee\/en\/wp-json\/wp\/v2\/media?parent=23360"}],"wp:term":[{"taxonomy":"product_brand","embeddable":true,"href":"https:\/\/farwell.ee\/en\/wp-json\/wp\/v2\/product_brand?post=23360"},{"taxonomy":"product_cat","embeddable":true,"href":"https:\/\/farwell.ee\/en\/wp-json\/wp\/v2\/product_cat?post=23360"},{"taxonomy":"product_tag","embeddable":true,"href":"https:\/\/farwell.ee\/en\/wp-json\/wp\/v2\/product_tag?post=23360"}],"curies":[{"name":"wp","href":"https:\/\/api.w.org\/{rel}","templated":true}]}}