{"id":23248,"date":"2023-09-04T16:15:03","date_gmt":"2023-09-04T13:15:03","guid":{"rendered":"https:\/\/farwell.ee\/toode\/joogitermos-9l-kraaniga\/"},"modified":"2026-04-02T10:45:04","modified_gmt":"2026-04-02T07:45:04","slug":"joogitermos-9l-kraaniga","status":"publish","type":"product","link":"https:\/\/farwell.ee\/en\/product\/joogitermos-9l-kraaniga\/","title":{"rendered":"Joogitermos 9L kraaniga"},"content":{"rendered":"","protected":false},"excerpt":{"rendered":"<p>K\u00e4epidemega ja p\u00f6\u00f6ratavate jalgadega joogitermos kuumadele ja k\u00fclmadele jookidele.<br \/>\nMaterjalid: sisu roostevabast terasest ja korpus mustast ABS-plastikust ja roostevabast terasest.<\/p>","protected":false},"featured_media":36722,"template":"","meta":{"_acf_changed":false,"inline_featured_image":false},"product_brand":[],"product_cat":[125],"product_tag":[],"class_list":{"0":"post-23248","1":"product","2":"type-product","3":"status-publish","4":"has-post-thumbnail","6":"product_cat-joogi-ja-muslidosaatorid","7":"pa_kaubamark-bartscher","9":"first","10":"instock","11":"shipping-taxable","12":"purchasable","13":"product-type-simple"},"acf":[],"_links":{"self":[{"href":"https:\/\/farwell.ee\/en\/wp-json\/wp\/v2\/product\/23248","targetHints":{"allow":["GET"]}}],"collection":[{"href":"https:\/\/farwell.ee\/en\/wp-json\/wp\/v2\/product"}],"about":[{"href":"https:\/\/farwell.ee\/en\/wp-json\/wp\/v2\/types\/product"}],"wp:featuredmedia":[{"embeddable":true,"href":"https:\/\/farwell.ee\/en\/wp-json\/wp\/v2\/media\/36722"}],"wp:attachment":[{"href":"https:\/\/farwell.ee\/en\/wp-json\/wp\/v2\/media?parent=23248"}],"wp:term":[{"taxonomy":"product_brand","embeddable":true,"href":"https:\/\/farwell.ee\/en\/wp-json\/wp\/v2\/product_brand?post=23248"},{"taxonomy":"product_cat","embeddable":true,"href":"https:\/\/farwell.ee\/en\/wp-json\/wp\/v2\/product_cat?post=23248"},{"taxonomy":"product_tag","embeddable":true,"href":"https:\/\/farwell.ee\/en\/wp-json\/wp\/v2\/product_tag?post=23248"}],"curies":[{"name":"wp","href":"https:\/\/api.w.org\/{rel}","templated":true}]}}