{"id":23148,"date":"2023-08-30T09:30:04","date_gmt":"2023-08-30T06:30:04","guid":{"rendered":"https:\/\/farwell.ee\/toode\/pann-32cm-al-non-stick-quantanium-igale-pliidituubile\/"},"modified":"2026-04-10T08:00:11","modified_gmt":"2026-04-10T05:00:11","slug":"pann-32cm-al-non-stick-quantanium-igale-pliidituubile","status":"publish","type":"product","link":"https:\/\/farwell.ee\/en\/product\/pann-32cm-al-non-stick-quantanium-igale-pliidituubile\/","title":{"rendered":"Pann 32cm Al \/ Non-stick QuanTanium, r\/v k\u00e4epide, igale pliidit\u00fc\u00fcbile"},"content":{"rendered":"","protected":false},"excerpt":{"rendered":"","protected":false},"featured_media":23147,"template":"","meta":{"_acf_changed":false,"inline_featured_image":false},"product_brand":[],"product_cat":[152],"product_tag":[],"class_list":{"0":"post-23148","1":"product","2":"type-product","3":"status-publish","4":"has-post-thumbnail","6":"product_cat-pannid","7":"pa_kaubamark-pintinox","9":"first","10":"instock","11":"shipping-taxable","12":"purchasable","13":"product-type-simple"},"acf":[],"_links":{"self":[{"href":"https:\/\/farwell.ee\/en\/wp-json\/wp\/v2\/product\/23148","targetHints":{"allow":["GET"]}}],"collection":[{"href":"https:\/\/farwell.ee\/en\/wp-json\/wp\/v2\/product"}],"about":[{"href":"https:\/\/farwell.ee\/en\/wp-json\/wp\/v2\/types\/product"}],"wp:featuredmedia":[{"embeddable":true,"href":"https:\/\/farwell.ee\/en\/wp-json\/wp\/v2\/media\/23147"}],"wp:attachment":[{"href":"https:\/\/farwell.ee\/en\/wp-json\/wp\/v2\/media?parent=23148"}],"wp:term":[{"taxonomy":"product_brand","embeddable":true,"href":"https:\/\/farwell.ee\/en\/wp-json\/wp\/v2\/product_brand?post=23148"},{"taxonomy":"product_cat","embeddable":true,"href":"https:\/\/farwell.ee\/en\/wp-json\/wp\/v2\/product_cat?post=23148"},{"taxonomy":"product_tag","embeddable":true,"href":"https:\/\/farwell.ee\/en\/wp-json\/wp\/v2\/product_tag?post=23148"}],"curies":[{"name":"wp","href":"https:\/\/api.w.org\/{rel}","templated":true}]}}