{"id":23067,"date":"2023-08-25T12:15:04","date_gmt":"2023-08-25T09:15:04","guid":{"rendered":"https:\/\/farwell.ee\/toode\/termokaru-2-sektsiooniga-eestlaetav-elektrikuttega-mahutab-12xgn-1-1-65\/"},"modified":"2026-01-16T12:15:09","modified_gmt":"2026-01-16T10:15:09","slug":"termokaru-2-sektsiooniga-eestlaetav-elektrikuttega-mahutab-12xgn-1-1-65","status":"publish","type":"product","link":"https:\/\/farwell.ee\/en\/product\/termokaru-2-sektsiooniga-eestlaetav-elektrikuttega-mahutab-12xgn-1-1-65\/","title":{"rendered":"Termok\u00e4ru 2-sektsiooniga, eestlaetav, elektrik\u00fcttega, mahutab 12xGN 1\/1-65"},"content":{"rendered":"","protected":false},"excerpt":{"rendered":"<p>Elektrik\u00fcttega toiduveok\u00e4ru ratastega.<br \/>\nV\u00e4lism\u00f5\u00f5dud 520 x 690 x 1372mm<br \/>\n\u00dche sektsiooni sisem\u00f5\u00f5dud 330 x 545 x 485mm<br \/>\nEelsoojendusaeg 45 min., taastussoojendusaeg 3 min. (ukse avamisel kuni 30 sek.)<br \/>\nKambri sisetemperatuur 65-74 C\u00b0<br \/>\nV\u00f5imsus 530W, elekter 220\/50\/1 faas.<\/p>\n<p>Korpus monoliitsest pol\u00fcet\u00fcleenist, isoleermaterjal pol\u00fcuretaan.<br \/>\nIntegreeritud k\u00e4epidemed.<br \/>\nLaiad, 230mm nailonist sulgemisklambrid.<br \/>\n\u00dcks avaneb 270\u00b0 ja on lihtne eemaldada puhastamise ajaks.<br \/>\nRattad 15,2cm, millest kaks p\u00f6\u00f6ravat ja \u00fcks piduriga.<br \/>\nSiinide vahe 2,5cm.<br \/>\nMahutavus 12 x GN 1\/1-65 v\u00f5i 8 x GN 1\/1-100 v\u00f5i 6 x GN 1\/1-150 v\u00f5i 4 x GN 1\/1-200<\/p>\n<p>Vastupidav korpus: ei murdu, roosteta, pragune ega purune.<br \/>\nMonoliitsed tugevad k\u00e4epidemed lihtsustavad kasutamist.<\/p>\n<p>Toidu tempetatuuri s\u00e4ilimine lahti\u00fchendatud k\u00e4ru puhul (katsetulemused):<br \/>\nKUUM TOIT<br \/>\nalgtemperatuur k\u00e4russe laadimisel +85,0C\u00b0<br \/>\ntemperatuur 1 tunni p\u00e4rast\u00a0 +82,8C\u00b0<br \/>\ntemperatuur 2 tunni p\u00e4rast\u00a0 +81,7C\u00b0<br \/>\ntemperatuur 3 tunni p\u00e4rast\u00a0 +80,0C\u00b0<br \/>\ntemperatuur 4 tunni p\u00e4rast\u00a0 +78,9C\u00b0<\/p>","protected":false},"featured_media":28172,"template":"","meta":{"_acf_changed":false,"inline_featured_image":false},"product_brand":[],"product_cat":[5554],"product_tag":[],"class_list":{"0":"post-23067","1":"product","2":"type-product","3":"status-publish","4":"has-post-thumbnail","6":"product_cat-termokastid-ja-termokapid","7":"pa_kaubamark-cambro","9":"first","10":"outofstock","11":"shipping-taxable","12":"purchasable","13":"product-type-simple"},"acf":[],"_links":{"self":[{"href":"https:\/\/farwell.ee\/en\/wp-json\/wp\/v2\/product\/23067","targetHints":{"allow":["GET"]}}],"collection":[{"href":"https:\/\/farwell.ee\/en\/wp-json\/wp\/v2\/product"}],"about":[{"href":"https:\/\/farwell.ee\/en\/wp-json\/wp\/v2\/types\/product"}],"wp:featuredmedia":[{"embeddable":true,"href":"https:\/\/farwell.ee\/en\/wp-json\/wp\/v2\/media\/28172"}],"wp:attachment":[{"href":"https:\/\/farwell.ee\/en\/wp-json\/wp\/v2\/media?parent=23067"}],"wp:term":[{"taxonomy":"product_brand","embeddable":true,"href":"https:\/\/farwell.ee\/en\/wp-json\/wp\/v2\/product_brand?post=23067"},{"taxonomy":"product_cat","embeddable":true,"href":"https:\/\/farwell.ee\/en\/wp-json\/wp\/v2\/product_cat?post=23067"},{"taxonomy":"product_tag","embeddable":true,"href":"https:\/\/farwell.ee\/en\/wp-json\/wp\/v2\/product_tag?post=23067"}],"curies":[{"name":"wp","href":"https:\/\/api.w.org\/{rel}","templated":true}]}}