{"id":22954,"date":"2023-08-18T16:37:08","date_gmt":"2023-08-18T13:37:08","guid":{"rendered":"https:\/\/farwell.ee\/?post_type=product&#038;p=22954"},"modified":"2023-08-18T16:42:04","modified_gmt":"2023-08-18T13:42:04","slug":"wintersteiger-tantum-4","status":"publish","type":"product","link":"https:\/\/farwell.ee\/en\/product\/wintersteiger-tantum-4\/","title":{"rendered":"Wintersteiger Tantum 4"},"content":{"rendered":"","protected":false},"excerpt":{"rendered":"<p><strong><span lang=\"EN-US\">WINTERSTEIGER TANTUM 4 STEREX GEAR UNIVERSAALNE KUIVATUSEADE IONISAATORIGA<\/span><\/strong><\/p>\n<p>https:\/\/www.youtube.com\/watch?v=a7UDkD9nqqc<\/p>\n<p style=\"font-weight: 400\">Tantum Boot 4 STEREX kuivati \u200b\u200bon enimm\u00fc\u00fcdud saapakuivatusseade 4 jalatsipaarile. Komplektis Sterex desinfitseerimiss\u00fcsteem.<\/p>\n<p style=\"font-weight: 400\">Paigalduskohad: p\u00e4\u00e4stekomandod, suusakeskused ja puhkemajad, lasteaiad, t\u00f6\u00f6stuspaigaldused, ehitus- ja toiduainetet\u00f6\u00f6stus ja muud kasutuskohad \u00a0kus tegemist v\u00e4li-t\u00f6\u00f6riiete ja jalatsite kuivatamisega.<\/p>\n<p style=\"font-weight: 400\">Komplekti kuuluv Sterex k\u00fclma plasma tehnoloogial p\u00f5hinev desinfitseerimiss\u00fcsteem tapab bakterid ja viirused ning neutraliseerib spetsiifilised l\u00f5hnad. Sterex desinfitseerimiss\u00fcsteem h\u00e4vitab ka hallituse.<\/p>\n<p style=\"font-weight: 400\">Wintersteiger \u00a0tootevalikus on lahendusi nii t\u00f6\u00f6riiete, jalan\u00f5ude, kinnaste, kaitsemaskide, kiivrite ja muu kaitsevarustuse kuivatamise ja desinfitseerimise tarvis.<\/p>\n<p>Ettevalmistus seinale kinnitamiseks<\/p>\n<p>4-le jalatsite, kinnaste ja \u00fcleriiete komplektile<\/p>\n<p>Speed Dry kuivatuss\u00fcsteem<\/p>\n<p>Lihtne kasutada, v\u00e4rviline LCD X-Control juhtimine<\/p>\n<p>Vastupidavad anodeeritud alumiiniumist ovaalsed kuivatuskonsoolid ja roostevaba terasest riidepuud<\/p>\n<p>\u00d5hu puhumine l\u00e4bi kuivatuskonsoolide ja riidepuude<\/p>\n<p>Sterex desinfektsiooni \/ ioniseerimiss\u00fcsteem<\/p>\n<p>&nbsp;<\/p>\n<p>M\u00f5\u00f5tmed: 60 x 74 x h=183cm<\/p>\n<p>Energiatarve 2,16kW (Sterex)<\/p>\n<p>Elektri\u00fchendus 230V<\/p>","protected":false},"featured_media":22956,"template":"","meta":{"_acf_changed":false,"inline_featured_image":false},"product_brand":[],"product_cat":[7061],"product_tag":[],"class_list":{"0":"post-22954","1":"product","2":"type-product","3":"status-publish","4":"has-post-thumbnail","6":"product_cat-kuivatuskapid-ja-kinda-jalatsikuivatusseadmed-professionaalseks-kasutuseks","8":"first","9":"outofstock","10":"shipping-taxable","11":"product-type-simple"},"acf":[],"_links":{"self":[{"href":"https:\/\/farwell.ee\/en\/wp-json\/wp\/v2\/product\/22954","targetHints":{"allow":["GET"]}}],"collection":[{"href":"https:\/\/farwell.ee\/en\/wp-json\/wp\/v2\/product"}],"about":[{"href":"https:\/\/farwell.ee\/en\/wp-json\/wp\/v2\/types\/product"}],"wp:featuredmedia":[{"embeddable":true,"href":"https:\/\/farwell.ee\/en\/wp-json\/wp\/v2\/media\/22956"}],"wp:attachment":[{"href":"https:\/\/farwell.ee\/en\/wp-json\/wp\/v2\/media?parent=22954"}],"wp:term":[{"taxonomy":"product_brand","embeddable":true,"href":"https:\/\/farwell.ee\/en\/wp-json\/wp\/v2\/product_brand?post=22954"},{"taxonomy":"product_cat","embeddable":true,"href":"https:\/\/farwell.ee\/en\/wp-json\/wp\/v2\/product_cat?post=22954"},{"taxonomy":"product_tag","embeddable":true,"href":"https:\/\/farwell.ee\/en\/wp-json\/wp\/v2\/product_tag?post=22954"}],"curies":[{"name":"wp","href":"https:\/\/api.w.org\/{rel}","templated":true}]}}