{"id":22903,"date":"2023-08-18T14:30:04","date_gmt":"2023-08-18T11:30:04","guid":{"rendered":"https:\/\/farwell.ee\/toode\/teekannu-soojendaja-tootab-teekuunlaga\/"},"modified":"2026-03-03T10:15:11","modified_gmt":"2026-03-03T08:15:11","slug":"teekannu-soojendaja-tootab-teekuunlaga","status":"publish","type":"product","link":"https:\/\/farwell.ee\/en\/product\/teekannu-soojendaja-tootab-teekuunlaga\/","title":{"rendered":"Teekannu soojendaja, t\u00f6\u00f6tab teek\u00fc\u00fcnlaga"},"content":{"rendered":"","protected":false},"excerpt":{"rendered":"","protected":false},"featured_media":24475,"template":"","meta":{"_acf_changed":false,"inline_featured_image":false},"product_brand":[],"product_cat":[128],"product_tag":[],"class_list":{"0":"post-22903","1":"product","2":"type-product","3":"status-publish","4":"has-post-thumbnail","6":"product_cat-kannud","7":"pa_kaubamark-aps","9":"first","10":"outofstock","11":"shipping-taxable","12":"purchasable","13":"product-type-simple"},"acf":[],"_links":{"self":[{"href":"https:\/\/farwell.ee\/en\/wp-json\/wp\/v2\/product\/22903","targetHints":{"allow":["GET"]}}],"collection":[{"href":"https:\/\/farwell.ee\/en\/wp-json\/wp\/v2\/product"}],"about":[{"href":"https:\/\/farwell.ee\/en\/wp-json\/wp\/v2\/types\/product"}],"wp:featuredmedia":[{"embeddable":true,"href":"https:\/\/farwell.ee\/en\/wp-json\/wp\/v2\/media\/24475"}],"wp:attachment":[{"href":"https:\/\/farwell.ee\/en\/wp-json\/wp\/v2\/media?parent=22903"}],"wp:term":[{"taxonomy":"product_brand","embeddable":true,"href":"https:\/\/farwell.ee\/en\/wp-json\/wp\/v2\/product_brand?post=22903"},{"taxonomy":"product_cat","embeddable":true,"href":"https:\/\/farwell.ee\/en\/wp-json\/wp\/v2\/product_cat?post=22903"},{"taxonomy":"product_tag","embeddable":true,"href":"https:\/\/farwell.ee\/en\/wp-json\/wp\/v2\/product_tag?post=22903"}],"curies":[{"name":"wp","href":"https:\/\/api.w.org\/{rel}","templated":true}]}}