{"id":22596,"date":"2023-08-08T15:45:04","date_gmt":"2023-08-08T12:45:04","guid":{"rendered":"https:\/\/farwell.ee\/toode\/terituspulk-165cm-keraamiline-800grit\/"},"modified":"2026-02-23T09:15:05","modified_gmt":"2026-02-23T07:15:05","slug":"terituspulk-165cm-keraamiline-800grit","status":"publish","type":"product","link":"https:\/\/farwell.ee\/en\/product\/terituspulk-165cm-keraamiline-800grit\/","title":{"rendered":"Terituspulk 16,5cm keraamiline 800Grit"},"content":{"rendered":"","protected":false},"excerpt":{"rendered":"<p>Mac\u00b4i puidust k\u00e4epidemega 16,5cm pikkune j\u00e4medama teraga keraamiline ehk portselanist terituspulk.<br \/>\nPortselanist teritaja sobib eelk\u00f5ige jaapani nugade viimistlemiseks ja hooldamiseks, eriti kui nuga ei ole veel p\u00e4ris n\u00fcri.<br \/>\nKeraamilisele terituspulgale lisaks soovitame muretseda kas teemantteritaja v\u00f5i terituskivi.<\/p>","protected":false},"featured_media":28816,"template":"","meta":{"_acf_changed":false,"inline_featured_image":false},"product_brand":[],"product_cat":[140],"product_tag":[],"class_list":{"0":"post-22596","1":"product","2":"type-product","3":"status-publish","4":"has-post-thumbnail","6":"product_cat-kooginoad","7":"pa_kaubamark-mac","9":"first","10":"instock","11":"shipping-taxable","12":"purchasable","13":"product-type-simple"},"acf":[],"_links":{"self":[{"href":"https:\/\/farwell.ee\/en\/wp-json\/wp\/v2\/product\/22596","targetHints":{"allow":["GET"]}}],"collection":[{"href":"https:\/\/farwell.ee\/en\/wp-json\/wp\/v2\/product"}],"about":[{"href":"https:\/\/farwell.ee\/en\/wp-json\/wp\/v2\/types\/product"}],"wp:featuredmedia":[{"embeddable":true,"href":"https:\/\/farwell.ee\/en\/wp-json\/wp\/v2\/media\/28816"}],"wp:attachment":[{"href":"https:\/\/farwell.ee\/en\/wp-json\/wp\/v2\/media?parent=22596"}],"wp:term":[{"taxonomy":"product_brand","embeddable":true,"href":"https:\/\/farwell.ee\/en\/wp-json\/wp\/v2\/product_brand?post=22596"},{"taxonomy":"product_cat","embeddable":true,"href":"https:\/\/farwell.ee\/en\/wp-json\/wp\/v2\/product_cat?post=22596"},{"taxonomy":"product_tag","embeddable":true,"href":"https:\/\/farwell.ee\/en\/wp-json\/wp\/v2\/product_tag?post=22596"}],"curies":[{"name":"wp","href":"https:\/\/api.w.org\/{rel}","templated":true}]}}