{"id":22443,"date":"2023-07-21T15:00:04","date_gmt":"2023-07-21T12:00:04","guid":{"rendered":"https:\/\/farwell.ee\/toode\/termokarp-4-sektsiooniga-kulmale-ja-kuumale-toidule\/"},"modified":"2026-01-16T12:30:06","modified_gmt":"2026-01-16T10:30:06","slug":"termokarp-4-sektsiooniga-kulmale-ja-kuumale-toidule","status":"publish","type":"product","link":"https:\/\/farwell.ee\/en\/product\/termokarp-4-sektsiooniga-kulmale-ja-kuumale-toidule\/","title":{"rendered":"Termokarp 4-sektsiooniga k\u00fclmale ja kuumale toidule"},"content":{"rendered":"","protected":false},"excerpt":{"rendered":"<p>EPP-vahtplastist.<br \/>\nV\u00e4lism\u00f5\u00f5dud 480x350x167mm.<br \/>\nSisem\u00f5\u00f5dud 548x368x320mm.<br \/>\nTemperatuuritaluvus -40\u00b0 kuni +120\u00b0 C.<br \/>\nN\u00f5udepesumasinas pestav.<br \/>\nHea soojusisolatsioon.<br \/>\nTaaskasutatav materjal.<br \/>\nIdeaalne kojukande termokast, mis mahutab kaks komplektl\u00f5unat (kuum toit, k\u00fclm toit, leib\/sai v\u00f5i puuvili, jook ja s\u00f6\u00f6giriistad).<br \/>\nMahutab 4 toidukarpi m\u00f5\u00f5tudega 18x18x3cm v\u00f5i 2 toidukarpi m\u00f5\u00f5tudega 19x20x6cm.<br \/>\nVahesein hoiab \u00fche sektsiooni kuumana ja kolm sektsiooni k\u00fclmana.<br \/>\nKuuma sektsiooni m\u00f5\u00f5dud 19x19x11cm.<br \/>\nK\u00fclma sektsiooni m\u00f5\u00f5dud 21x21x11cm (karpidele) , 18x8x11cm (leivale v\u00f5i puuviljale) , 21&#215;8,5x11cm ( pudelile ja s\u00f6\u00f6giriistadele).<br \/>\nHoiab temperatuuri 2+ tundi.<br \/>\nT\u00fchikaal 0,4 kg.<\/p>","protected":false},"featured_media":22441,"template":"","meta":{"_acf_changed":false,"inline_featured_image":false},"product_brand":[],"product_cat":[5554],"product_tag":[],"class_list":{"0":"post-22443","1":"product","2":"type-product","3":"status-publish","4":"has-post-thumbnail","6":"product_cat-termokastid-ja-termokapid","7":"pa_kaubamark-cambro","9":"first","10":"outofstock","11":"shipping-taxable","12":"purchasable","13":"product-type-simple"},"acf":[],"_links":{"self":[{"href":"https:\/\/farwell.ee\/en\/wp-json\/wp\/v2\/product\/22443","targetHints":{"allow":["GET"]}}],"collection":[{"href":"https:\/\/farwell.ee\/en\/wp-json\/wp\/v2\/product"}],"about":[{"href":"https:\/\/farwell.ee\/en\/wp-json\/wp\/v2\/types\/product"}],"wp:featuredmedia":[{"embeddable":true,"href":"https:\/\/farwell.ee\/en\/wp-json\/wp\/v2\/media\/22441"}],"wp:attachment":[{"href":"https:\/\/farwell.ee\/en\/wp-json\/wp\/v2\/media?parent=22443"}],"wp:term":[{"taxonomy":"product_brand","embeddable":true,"href":"https:\/\/farwell.ee\/en\/wp-json\/wp\/v2\/product_brand?post=22443"},{"taxonomy":"product_cat","embeddable":true,"href":"https:\/\/farwell.ee\/en\/wp-json\/wp\/v2\/product_cat?post=22443"},{"taxonomy":"product_tag","embeddable":true,"href":"https:\/\/farwell.ee\/en\/wp-json\/wp\/v2\/product_tag?post=22443"}],"curies":[{"name":"wp","href":"https:\/\/api.w.org\/{rel}","templated":true}]}}