{"id":22430,"date":"2023-07-21T10:15:03","date_gmt":"2023-07-21T07:15:03","guid":{"rendered":"https:\/\/farwell.ee\/toode\/termokandik-3-nouga-1-portselanist-taldrik-ja-2-portselanist-kaussi\/"},"modified":"2026-01-16T12:30:07","modified_gmt":"2026-01-16T10:30:07","slug":"termokandik-3-nouga-1-portselanist-taldrik-ja-2-portselanist-kaussi","status":"publish","type":"product","link":"https:\/\/farwell.ee\/en\/product\/termokandik-3-nouga-1-portselanist-taldrik-ja-2-portselanist-kaussi\/","title":{"rendered":"Termokandik 3-n\u00f5uga (21cm portselanist taldrik ja 2 portselanist kaussi 500ml)"},"content":{"rendered":"","protected":false},"excerpt":{"rendered":"<p>\u00dche inimese toitlustuskandik, mis hoiab temperatuuri 1 tund.<\/p>\n<p>M\u00f5\u00f5dud 53x37x11,8cm.<br \/>\nMaterjali tihedus: 45 g\/l<br \/>\nKaal 2,27kg.<br \/>\nMasinpesukindel ja ladustatav.<br \/>\nP\u00e4rast pesu peab kandik avatult kuivama.<br \/>\nTermokandik sisaldab: 1 portselanist taldrik kaanega ja 2 portselanist kaussi kaantega.<br \/>\nTaldriku l\u00e4bim\u00f5\u00f5t: 21cm<br \/>\nKausi maht 500ml, l\u00e4bim\u00f5\u00f5t 14cm.<br \/>\nKandikus on t\u00fchi lahter s\u00f6\u00f6giriistade, jogurtitopsi ja veepudeli jaoks.<\/p>","protected":false},"featured_media":22429,"template":"","meta":{"_acf_changed":false,"inline_featured_image":false},"product_brand":[],"product_cat":[6015],"product_tag":[],"class_list":{"0":"post-22430","1":"product","2":"type-product","3":"status-publish","4":"has-post-thumbnail","6":"product_cat-termokandikud","7":"pa_kaubamark-cambro","9":"first","10":"outofstock","11":"shipping-taxable","12":"purchasable","13":"product-type-simple"},"acf":[],"_links":{"self":[{"href":"https:\/\/farwell.ee\/en\/wp-json\/wp\/v2\/product\/22430","targetHints":{"allow":["GET"]}}],"collection":[{"href":"https:\/\/farwell.ee\/en\/wp-json\/wp\/v2\/product"}],"about":[{"href":"https:\/\/farwell.ee\/en\/wp-json\/wp\/v2\/types\/product"}],"wp:featuredmedia":[{"embeddable":true,"href":"https:\/\/farwell.ee\/en\/wp-json\/wp\/v2\/media\/22429"}],"wp:attachment":[{"href":"https:\/\/farwell.ee\/en\/wp-json\/wp\/v2\/media?parent=22430"}],"wp:term":[{"taxonomy":"product_brand","embeddable":true,"href":"https:\/\/farwell.ee\/en\/wp-json\/wp\/v2\/product_brand?post=22430"},{"taxonomy":"product_cat","embeddable":true,"href":"https:\/\/farwell.ee\/en\/wp-json\/wp\/v2\/product_cat?post=22430"},{"taxonomy":"product_tag","embeddable":true,"href":"https:\/\/farwell.ee\/en\/wp-json\/wp\/v2\/product_tag?post=22430"}],"curies":[{"name":"wp","href":"https:\/\/api.w.org\/{rel}","templated":true}]}}