{"id":22349,"date":"2023-07-20T10:45:03","date_gmt":"2023-07-20T07:45:03","guid":{"rendered":"https:\/\/farwell.ee\/toode\/termokast-80l-pagarikastidele-60x40cm-epp-vahtplast\/"},"modified":"2026-02-04T10:45:04","modified_gmt":"2026-02-04T08:45:04","slug":"termokast-80l-pagarikastidele-60x40cm-epp-vahtplast","status":"publish","type":"product","link":"https:\/\/farwell.ee\/en\/product\/termokast-80l-pagarikastidele-60x40cm-epp-vahtplast\/","title":{"rendered":"Termokast 60x40cm pagarikastidele, pealtlaetav, maht 80L"},"content":{"rendered":"","protected":false},"excerpt":{"rendered":"<p>EPP-vahtplastist.<br \/>\nV\u00e4lism\u00f5\u00f5dud 690x490x370mm.<br \/>\nSisem\u00f5\u00f5dud 625x425x305mm.<br \/>\nSobib 600x400mm pagariplaatidele ja kastidele.<br \/>\nMaksimaalne kasti k\u00f5rgus 300mm.<br \/>\nMaht 80L.<br \/>\nKaal 1,7 kg.<br \/>\nTemperatuuritaluvus -40\u00b0 kuni +120\u00b0 C.<br \/>\nN\u00f5udepesumasinas pestav.<br \/>\nHea soojusisolatsioon.<br \/>\nTaaskasutatav materjal.<br \/>\nLisavarustuses saadaval sooja-, k\u00fclmaplaadid, trasnspordialus ja markeerimissildid.<\/p>","protected":false},"featured_media":23452,"template":"","meta":{"_acf_changed":false,"inline_featured_image":false},"product_brand":[],"product_cat":[5554],"product_tag":[],"class_list":{"0":"post-22349","1":"product","2":"type-product","3":"status-publish","4":"has-post-thumbnail","6":"product_cat-termokastid-ja-termokapid","7":"pa_kaubamark-cambro","9":"first","10":"instock","11":"shipping-taxable","12":"purchasable","13":"product-type-simple"},"acf":[],"_links":{"self":[{"href":"https:\/\/farwell.ee\/en\/wp-json\/wp\/v2\/product\/22349","targetHints":{"allow":["GET"]}}],"collection":[{"href":"https:\/\/farwell.ee\/en\/wp-json\/wp\/v2\/product"}],"about":[{"href":"https:\/\/farwell.ee\/en\/wp-json\/wp\/v2\/types\/product"}],"wp:featuredmedia":[{"embeddable":true,"href":"https:\/\/farwell.ee\/en\/wp-json\/wp\/v2\/media\/23452"}],"wp:attachment":[{"href":"https:\/\/farwell.ee\/en\/wp-json\/wp\/v2\/media?parent=22349"}],"wp:term":[{"taxonomy":"product_brand","embeddable":true,"href":"https:\/\/farwell.ee\/en\/wp-json\/wp\/v2\/product_brand?post=22349"},{"taxonomy":"product_cat","embeddable":true,"href":"https:\/\/farwell.ee\/en\/wp-json\/wp\/v2\/product_cat?post=22349"},{"taxonomy":"product_tag","embeddable":true,"href":"https:\/\/farwell.ee\/en\/wp-json\/wp\/v2\/product_tag?post=22349"}],"curies":[{"name":"wp","href":"https:\/\/api.w.org\/{rel}","templated":true}]}}