{"id":22168,"date":"2023-07-10T14:45:04","date_gmt":"2023-07-10T11:45:04","guid":{"rendered":"https:\/\/farwell.ee\/toode\/pokaalikorv-36-sektsiooniga-rohelise-pohikorviga-max-korgus-215cm\/"},"modified":"2026-01-16T12:15:12","modified_gmt":"2026-01-16T10:15:12","slug":"pokaalikorv-36-sektsiooniga-rohelise-pohikorviga-max-korgus-215cm","status":"publish","type":"product","link":"https:\/\/farwell.ee\/en\/product\/pokaalikorv-36-sektsiooniga-rohelise-pohikorviga-max-korgus-215cm\/","title":{"rendered":"Pokaalikorv 36-sektsiooniga, rohelise p\u00f5hikorviga"},"content":{"rendered":"","protected":false},"excerpt":{"rendered":"<p>Korvi k\u00f5rgus 26,7 cm.<br \/>\nSobib pokaalidele, mille max. l\u00e4bim\u00f5\u00f5t on 7,3 cm ja\u00a0 max. k\u00f5rgus on 21,5 cm.<\/p>","protected":false},"featured_media":22167,"template":"","meta":{"_acf_changed":false,"inline_featured_image":false},"product_brand":[],"product_cat":[6267],"product_tag":[],"class_list":{"0":"post-22168","1":"product","2":"type-product","3":"status-publish","4":"has-post-thumbnail","6":"product_cat-noudepesurestid","7":"pa_kaubamark-cambro","9":"first","10":"outofstock","11":"shipping-taxable","12":"purchasable","13":"product-type-simple"},"acf":[],"_links":{"self":[{"href":"https:\/\/farwell.ee\/en\/wp-json\/wp\/v2\/product\/22168","targetHints":{"allow":["GET"]}}],"collection":[{"href":"https:\/\/farwell.ee\/en\/wp-json\/wp\/v2\/product"}],"about":[{"href":"https:\/\/farwell.ee\/en\/wp-json\/wp\/v2\/types\/product"}],"wp:featuredmedia":[{"embeddable":true,"href":"https:\/\/farwell.ee\/en\/wp-json\/wp\/v2\/media\/22167"}],"wp:attachment":[{"href":"https:\/\/farwell.ee\/en\/wp-json\/wp\/v2\/media?parent=22168"}],"wp:term":[{"taxonomy":"product_brand","embeddable":true,"href":"https:\/\/farwell.ee\/en\/wp-json\/wp\/v2\/product_brand?post=22168"},{"taxonomy":"product_cat","embeddable":true,"href":"https:\/\/farwell.ee\/en\/wp-json\/wp\/v2\/product_cat?post=22168"},{"taxonomy":"product_tag","embeddable":true,"href":"https:\/\/farwell.ee\/en\/wp-json\/wp\/v2\/product_tag?post=22168"}],"curies":[{"name":"wp","href":"https:\/\/api.w.org\/{rel}","templated":true}]}}