{"id":22101,"date":"2023-07-05T15:30:03","date_gmt":"2023-07-05T12:30:03","guid":{"rendered":"https:\/\/farwell.ee\/toode\/lauakaal-10kg-digitaalne-tapsusklass-1g-li-akuga\/"},"modified":"2026-04-07T12:30:12","modified_gmt":"2026-04-07T09:30:12","slug":"lauakaal-10kg-digitaalne-tapsusklass-1g-li-akuga","status":"publish","type":"product","link":"https:\/\/farwell.ee\/en\/product\/lauakaal-10kg-digitaalne-tapsusklass-1g-li-akuga\/","title":{"rendered":"Lauakaal 10kg digitaalne, t\u00e4psusklass 1g, Li-akuga"},"content":{"rendered":"","protected":false},"excerpt":{"rendered":"<div class=\"richContent-root-Ykt\">\n<div>\n<div>Sisseehitatud LED-ekraan.<br \/>\nM\u00f5\u00f5tmine kuni 10 000 g.<br \/>\nN\u00e4idatakse grammides (g), milliliitrites (ml), untsides (oz) v\u00f5i naeltes (lb).<br \/>\nPuuteekraanil saadaval olevad funktsioonid: sisse\/v\u00e4lja, taara, \u00fchiku muutmine.<br \/>\nAutomaatne v\u00e4ljal\u00fclitamine ja l\u00e4htestamine (auto tara).<br \/>\n\u00dclekoormuse ja aku t\u00fchjenemise teated.<br \/>\nToide: sisseehitatud laetav liitiumaku.<br \/>\nKomplekti kuulub USB-kaabel laadimiseks.<br \/>\nVee- ja tolmukindel: kaitseaste IP67.<\/div>\n<\/div>\n<\/div>\n<div class=\"richContent-root-Ykt\">\n<div>\n<div>ABS-st ja roostevabast terasest valmistatud veekindel korpus.<\/div>\n<\/div>\n<\/div>","protected":false},"featured_media":36373,"template":"","meta":{"_acf_changed":false,"inline_featured_image":false},"product_brand":[],"product_cat":[12393],"product_tag":[6987,6988],"class_list":{"0":"post-22101","1":"product","2":"type-product","3":"status-publish","4":"has-post-thumbnail","6":"product_cat-kaalud","7":"product_tag-kaubakaal","8":"product_tag-koogikaal","9":"pa_kaubamark-hendi","11":"first","12":"instock","13":"shipping-taxable","14":"purchasable","15":"product-type-simple"},"acf":[],"_links":{"self":[{"href":"https:\/\/farwell.ee\/en\/wp-json\/wp\/v2\/product\/22101","targetHints":{"allow":["GET"]}}],"collection":[{"href":"https:\/\/farwell.ee\/en\/wp-json\/wp\/v2\/product"}],"about":[{"href":"https:\/\/farwell.ee\/en\/wp-json\/wp\/v2\/types\/product"}],"wp:featuredmedia":[{"embeddable":true,"href":"https:\/\/farwell.ee\/en\/wp-json\/wp\/v2\/media\/36373"}],"wp:attachment":[{"href":"https:\/\/farwell.ee\/en\/wp-json\/wp\/v2\/media?parent=22101"}],"wp:term":[{"taxonomy":"product_brand","embeddable":true,"href":"https:\/\/farwell.ee\/en\/wp-json\/wp\/v2\/product_brand?post=22101"},{"taxonomy":"product_cat","embeddable":true,"href":"https:\/\/farwell.ee\/en\/wp-json\/wp\/v2\/product_cat?post=22101"},{"taxonomy":"product_tag","embeddable":true,"href":"https:\/\/farwell.ee\/en\/wp-json\/wp\/v2\/product_tag?post=22101"}],"curies":[{"name":"wp","href":"https:\/\/api.w.org\/{rel}","templated":true}]}}