{"id":22037,"date":"2023-06-29T19:00:03","date_gmt":"2023-06-29T16:00:03","guid":{"rendered":"https:\/\/farwell.ee\/toode\/koogikaru-910x590x950mm-3-tasapinnaga-kokkupandav\/"},"modified":"2026-03-30T13:15:04","modified_gmt":"2026-03-30T10:15:04","slug":"koogikaru-910x590x950mm-3-tasapinnaga-kokkupandav","status":"publish","type":"product","link":"https:\/\/farwell.ee\/en\/product\/koogikaru-910x590x950mm-3-tasapinnaga-kokkupandav\/","title":{"rendered":"K\u00f6\u00f6gik\u00e4ru 910x590x950mm 3-tasapinnaga, kokkupandav"},"content":{"rendered":"","protected":false},"excerpt":{"rendered":"<p>Roostevabast terasest 3-riiuliga k\u00f6\u00f6gik\u00e4ru.<br \/>\nKokkupandav.<br \/>\nM\u00f5\u00f5dud: 910x590x950mm.<br \/>\nLauaplaadi m\u00f5\u00f5tmed: 830x510mm.<br \/>\nMaksimaalne koormus riiuli kohta 50kg.<br \/>\nLauaplaatide alla on kleebitud heli isoleeriv materjal.<br \/>\n4 p\u00f6\u00f6rlevat ratast, 2 pidurit.<br \/>\n\u00dcmardatud servad.<br \/>\nVahemaa riiulite vahel 295mm.<\/p>","protected":false},"featured_media":22044,"template":"","meta":{"_acf_changed":false,"inline_featured_image":false},"product_brand":[],"product_cat":[6371],"product_tag":[],"class_list":{"0":"post-22037","1":"product","2":"type-product","3":"status-publish","4":"has-post-thumbnail","6":"product_cat-koogikarud-ja-togid","7":"pa_kaubamark-hendi","9":"first","10":"outofstock","11":"shipping-taxable","12":"purchasable","13":"product-type-simple"},"acf":[],"_links":{"self":[{"href":"https:\/\/farwell.ee\/en\/wp-json\/wp\/v2\/product\/22037","targetHints":{"allow":["GET"]}}],"collection":[{"href":"https:\/\/farwell.ee\/en\/wp-json\/wp\/v2\/product"}],"about":[{"href":"https:\/\/farwell.ee\/en\/wp-json\/wp\/v2\/types\/product"}],"wp:featuredmedia":[{"embeddable":true,"href":"https:\/\/farwell.ee\/en\/wp-json\/wp\/v2\/media\/22044"}],"wp:attachment":[{"href":"https:\/\/farwell.ee\/en\/wp-json\/wp\/v2\/media?parent=22037"}],"wp:term":[{"taxonomy":"product_brand","embeddable":true,"href":"https:\/\/farwell.ee\/en\/wp-json\/wp\/v2\/product_brand?post=22037"},{"taxonomy":"product_cat","embeddable":true,"href":"https:\/\/farwell.ee\/en\/wp-json\/wp\/v2\/product_cat?post=22037"},{"taxonomy":"product_tag","embeddable":true,"href":"https:\/\/farwell.ee\/en\/wp-json\/wp\/v2\/product_tag?post=22037"}],"curies":[{"name":"wp","href":"https:\/\/api.w.org\/{rel}","templated":true}]}}