{"id":21582,"date":"2023-06-05T11:00:04","date_gmt":"2023-06-05T08:00:04","guid":{"rendered":"https:\/\/farwell.ee\/toode\/vahvlimasin-ummarguse-kupsetuspinnaga-voimsus-1000w\/"},"modified":"2026-01-09T11:00:07","modified_gmt":"2026-01-09T09:00:07","slug":"vahvlimasin-ummarguse-kupsetuspinnaga-voimsus-1000w","status":"publish","type":"product","link":"https:\/\/farwell.ee\/en\/product\/vahvlimasin-ummarguse-kupsetuspinnaga-voimsus-1000w\/","title":{"rendered":"Vahvlimasin \u00fcmmarguse k\u00fcpsetuspinnaga, v\u00f5imsus 1000W"},"content":{"rendered":"","protected":false},"excerpt":{"rendered":"<p>Valualumiiniumist mittenakkuva Teflon-kattega k\u00fcpsetuspind.<br \/>\n18\/0 roostevabast terasest korpus.<br \/>\nT\u00e4nu korpuse ventilatsiooniavadele on juhtseadmed kaitstud\u00a0\u00fclekuumenemise vastu.<br \/>\nTootlikkus kuni 20 vahvlit tunnis.<br \/>\nTermostaat temperatuuri sujuva reguleerimisega vahemikus +50\u02daC kuni +220\u02daC.<br \/>\nTaimerit saab seadistada kuni 15 minutiks.<br \/>\nVahvlik\u00fcpsetaja v\u00f5imsus: 1 kW.<br \/>\nM\u00f5\u00f5dud: 250x380x590mm.<\/p>","protected":false},"featured_media":21579,"template":"","meta":{"_acf_changed":false,"inline_featured_image":false},"product_brand":[],"product_cat":[5590],"product_tag":[],"class_list":{"0":"post-21582","1":"product","2":"type-product","3":"status-publish","4":"has-post-thumbnail","6":"product_cat-vahvlimasinad","7":"pa_kaubamark-hendi","9":"first","10":"outofstock","11":"shipping-taxable","12":"purchasable","13":"product-type-simple"},"acf":[],"_links":{"self":[{"href":"https:\/\/farwell.ee\/en\/wp-json\/wp\/v2\/product\/21582","targetHints":{"allow":["GET"]}}],"collection":[{"href":"https:\/\/farwell.ee\/en\/wp-json\/wp\/v2\/product"}],"about":[{"href":"https:\/\/farwell.ee\/en\/wp-json\/wp\/v2\/types\/product"}],"wp:featuredmedia":[{"embeddable":true,"href":"https:\/\/farwell.ee\/en\/wp-json\/wp\/v2\/media\/21579"}],"wp:attachment":[{"href":"https:\/\/farwell.ee\/en\/wp-json\/wp\/v2\/media?parent=21582"}],"wp:term":[{"taxonomy":"product_brand","embeddable":true,"href":"https:\/\/farwell.ee\/en\/wp-json\/wp\/v2\/product_brand?post=21582"},{"taxonomy":"product_cat","embeddable":true,"href":"https:\/\/farwell.ee\/en\/wp-json\/wp\/v2\/product_cat?post=21582"},{"taxonomy":"product_tag","embeddable":true,"href":"https:\/\/farwell.ee\/en\/wp-json\/wp\/v2\/product_tag?post=21582"}],"curies":[{"name":"wp","href":"https:\/\/api.w.org\/{rel}","templated":true}]}}