{"id":21575,"date":"2023-06-05T10:30:04","date_gmt":"2023-06-05T07:30:04","guid":{"rendered":"https:\/\/farwell.ee\/toode\/vahvlimasin-suda-voimsus-2200w\/"},"modified":"2026-01-09T10:45:10","modified_gmt":"2026-01-09T08:45:10","slug":"vahvlimasin-suda-voimsus-2200w","status":"publish","type":"product","link":"https:\/\/farwell.ee\/en\/product\/vahvlimasin-suda-voimsus-2200w\/","title":{"rendered":"Vahvlimasin &#8220;S\u00fcda&#8221;, v\u00f5imsus 2200W"},"content":{"rendered":"","protected":false},"excerpt":{"rendered":"<p>Traditsioonilised vahvlid &#8211; s\u00fcdamekujulised sektorid.<br \/>\nLillekujuline &#8211; koosneb viiest \u00fchendatud s\u00fcdamest.<\/p>\n<p>Malmist mittenakkuv k\u00fcpsetuspind.<br \/>\nTermostaat temperatuuri sujuva reguleerimisega.<br \/>\nVahvlikahvel.<br \/>\nIsoleeritud k\u00e4epide.<br \/>\nEemaldatav \u00e4ravoolurenn.<br \/>\nVahvlik\u00fcpsetaja v\u00f5imsus: 2,2 kW.<br \/>\nM\u00f5\u00f5dud: 320x437x251mm.<br \/>\nKaal 16 kg.<\/p>","protected":false},"featured_media":32902,"template":"","meta":{"_acf_changed":false,"inline_featured_image":false},"product_brand":[],"product_cat":[5590],"product_tag":[],"class_list":{"0":"post-21575","1":"product","2":"type-product","3":"status-publish","4":"has-post-thumbnail","6":"product_cat-vahvlimasinad","7":"pa_kaubamark-hendi","9":"first","10":"outofstock","11":"shipping-taxable","12":"purchasable","13":"product-type-simple"},"acf":[],"_links":{"self":[{"href":"https:\/\/farwell.ee\/en\/wp-json\/wp\/v2\/product\/21575","targetHints":{"allow":["GET"]}}],"collection":[{"href":"https:\/\/farwell.ee\/en\/wp-json\/wp\/v2\/product"}],"about":[{"href":"https:\/\/farwell.ee\/en\/wp-json\/wp\/v2\/types\/product"}],"wp:featuredmedia":[{"embeddable":true,"href":"https:\/\/farwell.ee\/en\/wp-json\/wp\/v2\/media\/32902"}],"wp:attachment":[{"href":"https:\/\/farwell.ee\/en\/wp-json\/wp\/v2\/media?parent=21575"}],"wp:term":[{"taxonomy":"product_brand","embeddable":true,"href":"https:\/\/farwell.ee\/en\/wp-json\/wp\/v2\/product_brand?post=21575"},{"taxonomy":"product_cat","embeddable":true,"href":"https:\/\/farwell.ee\/en\/wp-json\/wp\/v2\/product_cat?post=21575"},{"taxonomy":"product_tag","embeddable":true,"href":"https:\/\/farwell.ee\/en\/wp-json\/wp\/v2\/product_tag?post=21575"}],"curies":[{"name":"wp","href":"https:\/\/api.w.org\/{rel}","templated":true}]}}