{"id":21570,"date":"2023-06-05T10:00:05","date_gmt":"2023-06-05T07:00:05","guid":{"rendered":"https:\/\/farwell.ee\/toode\/vahvlimasin-brusseli-vahvlitele-voimsus-2200w\/"},"modified":"2026-02-04T15:45:04","modified_gmt":"2026-02-04T13:45:04","slug":"vahvlimasin-brusseli-vahvlitele-voimsus-2200w","status":"publish","type":"product","link":"https:\/\/farwell.ee\/en\/product\/vahvlimasin-brusseli-vahvlitele-voimsus-2200w\/","title":{"rendered":"Vahvlimasin Br\u00fcsseli vahvlitele, v\u00f5imsus 2200W"},"content":{"rendered":"","protected":false},"excerpt":{"rendered":"<p>Br\u00fcsseli vahvlid &#8211; suured ruudud.<br \/>\n2 vahvlit 3&#215;5 ruutu ( 3 ruutu lai ja 5 ruutu k\u00f5rge ).<\/p>\n<p>Malmist mittenakkuv k\u00fcpsetuspind.<br \/>\nTermostaat temperatuuri sujuva reguleerimisega.<br \/>\nVahvlikahvel.<br \/>\nIsoleeritud k\u00e4epide.<br \/>\nEemaldatav \u00e4ravoolurenn.<br \/>\nVahvlik\u00fcpsetaja v\u00f5imsus: 2,2 kW.<br \/>\nM\u00f5\u00f5dud: 320x437x277mm.<br \/>\nKaal 23 kg.<\/p>","protected":false},"featured_media":32896,"template":"","meta":{"_acf_changed":false,"inline_featured_image":false},"product_brand":[],"product_cat":[5590],"product_tag":[],"class_list":{"0":"post-21570","1":"product","2":"type-product","3":"status-publish","4":"has-post-thumbnail","6":"product_cat-vahvlimasinad","7":"pa_kaubamark-hendi","9":"first","10":"outofstock","11":"shipping-taxable","12":"purchasable","13":"product-type-simple"},"acf":[],"_links":{"self":[{"href":"https:\/\/farwell.ee\/en\/wp-json\/wp\/v2\/product\/21570","targetHints":{"allow":["GET"]}}],"collection":[{"href":"https:\/\/farwell.ee\/en\/wp-json\/wp\/v2\/product"}],"about":[{"href":"https:\/\/farwell.ee\/en\/wp-json\/wp\/v2\/types\/product"}],"wp:featuredmedia":[{"embeddable":true,"href":"https:\/\/farwell.ee\/en\/wp-json\/wp\/v2\/media\/32896"}],"wp:attachment":[{"href":"https:\/\/farwell.ee\/en\/wp-json\/wp\/v2\/media?parent=21570"}],"wp:term":[{"taxonomy":"product_brand","embeddable":true,"href":"https:\/\/farwell.ee\/en\/wp-json\/wp\/v2\/product_brand?post=21570"},{"taxonomy":"product_cat","embeddable":true,"href":"https:\/\/farwell.ee\/en\/wp-json\/wp\/v2\/product_cat?post=21570"},{"taxonomy":"product_tag","embeddable":true,"href":"https:\/\/farwell.ee\/en\/wp-json\/wp\/v2\/product_tag?post=21570"}],"curies":[{"name":"wp","href":"https:\/\/api.w.org\/{rel}","templated":true}]}}