{"id":21463,"date":"2023-05-18T15:45:04","date_gmt":"2023-05-18T12:45:04","guid":{"rendered":"https:\/\/farwell.ee\/toode\/multifunktsionaalne-koogikombain-ehk-termomikser-1400w\/"},"modified":"2026-04-07T12:30:12","modified_gmt":"2026-04-07T09:30:12","slug":"multifunktsionaalne-koogikombain-ehk-termomikser-1400w","status":"publish","type":"product","link":"https:\/\/farwell.ee\/en\/product\/multifunktsionaalne-koogikombain-ehk-termomikser-1400w\/","title":{"rendered":"Multifunktsionaalne k\u00f6\u00f6gikombain e. termomikser 1400W"},"content":{"rendered":"","protected":false},"excerpt":{"rendered":"<p>Tehnilised parameetrid:<br \/>\n&#8211; temperatuuri reguleerimine vahemikus +37\u00b0C kuni +130\u00b0C;<br \/>\n&#8211; taimer: 0-90 min;<br \/>\n&#8211; segajal 12 kiirust;<br \/>\n&#8211; 2 USB-pesa retseptide \u00fcleslaadimiseks (seadme p\u00f5hjas);<br \/>\n&#8211; m\u00f5\u00f5dud: 210 \u00d7 380 \u00d7 (K) 320 mm;<br \/>\n&#8211; kausi maht: 4,5 L (t\u00f6\u00f6maht 3L);<br \/>\n&#8211; k\u00fcttev\u00f5imsus: 1000 W;<br \/>\n&#8211; mootori v\u00f5imsus: 1000 W;<br \/>\n&#8211; segamisv\u00f5imsus: 1400 W;<br \/>\n&#8211; toiteallikas kokku: 1400 W;<br \/>\n&#8211; pinge: 230 V;<br \/>\n&#8211; neto- \/ brutokaal: 17,2 kg \/ 18,2 kg.<\/p>\n<p>Kaasaegne k\u00f6\u00f6gikombain ehk termomikser, mis v\u00f5imaldab:<br \/>\n&#8211; automaatse toiduvalmistamise eelt\u00e4idetud retseptide abil &#8211; garanteerib maitsvate ja tervislike toitude valmistamise<br \/>\n&#8211; manuaalne k\u00fcpsetamine, s.t parameetrite seadistamine ja muutmine k\u00fcpsetamise ajal<br \/>\n&#8211; uute retseptide \u00fcleslaadimine<\/p>\n<p>Lisav\u00f5imalused:<br \/>\n&#8211; roogade koostisosade fotode kuvamine &#8211; funktsioonide ja parameetrite v\u00e4rviline kuvamine: TFT (vedelkristallkuvar)<br \/>\n&#8211; valmistatud roogade arhiivi loomine<br \/>\n&#8211; lemmikroogade otsimine<br \/>\n&#8211; retseptide uute sammude loomine<\/p>\n<p>3-osaline aurutamiskomplekt; sisaldab:<br \/>\n&#8211; 4,5-liitrine pol\u00fcmeerist nakkumatu aurutusalus, mis asetatakse poti peale &#8211; kiireks auruk\u00fcpsetamiseks<br \/>\n&#8211; Aurut\u00e4itmis\u00fcksus t\u00f6\u00f6ala kahekordistamiseks<br \/>\n&#8211; Kaas, et v\u00e4hendada aurukadu, et toit s\u00e4ilitaks t\u00e4ieliku aroomi ja kr\u00f5mpsuvuse.<\/p>\n<p>K\u00f6\u00f6gikombainil on 20 erinevat funktsiooni:<br \/>\nk\u00fcpsetamine, purustamine,\u00a0segamine, \u00f5huline segamine,\u00a0auruk\u00fcpsetamine, hautamine,\u00a0riivimine,\u00a0sous vide k\u00fcpsetamine, vahustamine,\u00a0sulatamine,\u00a0karamelliseerimine,\u00a0emulgeerimine,\u00a0s\u00f5tkumine,\u00a0peenestamine,\u00a0hakkimine, jahvatamine,\u00a0viilutamine, aeglane pidev segamine, kaalumine.<\/p>\n<p>V\u00f5imsa k\u00fctteelemendiga k\u00f5rgekvaliteedilisest happekindlast roostevabast terasest 4,5-liitrine multifunktsionaalne pott (t\u00f6\u00f6maht 3 L).<\/p>\n<p>Komplektis on:<br \/>\nSegamisvispel keedetud roogade jaoks.<br \/>\nSilikoonist spaatel, mis on vastupidav h\u00f5\u00f5rdumisele ja temperatuurile.<br \/>\n2 erinevat kaant: kuuma toidu t\u00f6\u00f6tlemiseks ja k\u00fclmade toiduainete t\u00f6\u00f6tlemiseks.<br \/>\n4-teraga nuga (karastatud roostevabast terasest AISI 420) 3D-paigutusega.<\/p>\n<p>Mootori korpus &#8211; valmistatud vibratsiooni neelavast materjalist.<br \/>\nSLIDE LOCK tehnoloogia hoiab \u00e4ra kontrollimatu liikumise t\u00f6\u00f6laual.<br \/>\nKorpuse materjal &#8211; ABS plastik.<\/p>\n<p>Integreeritud kaal (kvarts) vahemikus 5 g kuni 5 kg koos taarafunktsiooniga.<\/p>","protected":false},"featured_media":31064,"template":"","meta":{"_acf_changed":false,"inline_featured_image":false},"product_brand":[],"product_cat":[6388],"product_tag":[],"class_list":{"0":"post-21463","1":"product","2":"type-product","3":"status-publish","4":"has-post-thumbnail","6":"product_cat-mikserid","7":"pa_kaubamark-hendi","9":"first","10":"outofstock","11":"shipping-taxable","12":"purchasable","13":"product-type-simple"},"acf":[],"_links":{"self":[{"href":"https:\/\/farwell.ee\/en\/wp-json\/wp\/v2\/product\/21463","targetHints":{"allow":["GET"]}}],"collection":[{"href":"https:\/\/farwell.ee\/en\/wp-json\/wp\/v2\/product"}],"about":[{"href":"https:\/\/farwell.ee\/en\/wp-json\/wp\/v2\/types\/product"}],"wp:featuredmedia":[{"embeddable":true,"href":"https:\/\/farwell.ee\/en\/wp-json\/wp\/v2\/media\/31064"}],"wp:attachment":[{"href":"https:\/\/farwell.ee\/en\/wp-json\/wp\/v2\/media?parent=21463"}],"wp:term":[{"taxonomy":"product_brand","embeddable":true,"href":"https:\/\/farwell.ee\/en\/wp-json\/wp\/v2\/product_brand?post=21463"},{"taxonomy":"product_cat","embeddable":true,"href":"https:\/\/farwell.ee\/en\/wp-json\/wp\/v2\/product_cat?post=21463"},{"taxonomy":"product_tag","embeddable":true,"href":"https:\/\/farwell.ee\/en\/wp-json\/wp\/v2\/product_tag?post=21463"}],"curies":[{"name":"wp","href":"https:\/\/api.w.org\/{rel}","templated":true}]}}