{"id":21399,"date":"2023-05-16T09:15:03","date_gmt":"2023-05-16T06:15:03","guid":{"rendered":"https:\/\/farwell.ee\/toode\/koogiviljaloikur-115cm-lainelise-teraga\/"},"modified":"2026-04-08T15:30:05","modified_gmt":"2026-04-08T12:30:05","slug":"koogiviljaloikur-115cm-lainelise-teraga","status":"publish","type":"product","link":"https:\/\/farwell.ee\/en\/product\/koogiviljaloikur-115cm-lainelise-teraga\/","title":{"rendered":"K\u00f6\u00f6giviljal\u00f5ikur 11,5cm lainelise teraga"},"content":{"rendered":"","protected":false},"excerpt":{"rendered":"","protected":false},"featured_media":21398,"template":"","meta":{"_acf_changed":false,"inline_featured_image":false},"product_brand":[],"product_cat":[163],"product_tag":[9704,9705,9706],"class_list":{"0":"post-21399","1":"product","2":"type-product","3":"status-publish","4":"has-post-thumbnail","6":"product_cat-riivid-koorijad-ja-pureestajad","7":"product_tag-juurvilja-loikur","8":"product_tag-juurviljaloikur","9":"product_tag-koogivilja-loikur","10":"pa_kaubamark-paderno","12":"first","13":"instock","14":"shipping-taxable","15":"purchasable","16":"product-type-simple"},"acf":[],"_links":{"self":[{"href":"https:\/\/farwell.ee\/en\/wp-json\/wp\/v2\/product\/21399","targetHints":{"allow":["GET"]}}],"collection":[{"href":"https:\/\/farwell.ee\/en\/wp-json\/wp\/v2\/product"}],"about":[{"href":"https:\/\/farwell.ee\/en\/wp-json\/wp\/v2\/types\/product"}],"wp:featuredmedia":[{"embeddable":true,"href":"https:\/\/farwell.ee\/en\/wp-json\/wp\/v2\/media\/21398"}],"wp:attachment":[{"href":"https:\/\/farwell.ee\/en\/wp-json\/wp\/v2\/media?parent=21399"}],"wp:term":[{"taxonomy":"product_brand","embeddable":true,"href":"https:\/\/farwell.ee\/en\/wp-json\/wp\/v2\/product_brand?post=21399"},{"taxonomy":"product_cat","embeddable":true,"href":"https:\/\/farwell.ee\/en\/wp-json\/wp\/v2\/product_cat?post=21399"},{"taxonomy":"product_tag","embeddable":true,"href":"https:\/\/farwell.ee\/en\/wp-json\/wp\/v2\/product_tag?post=21399"}],"curies":[{"name":"wp","href":"https:\/\/api.w.org\/{rel}","templated":true}]}}