{"id":21288,"date":"2023-05-08T16:00:04","date_gmt":"2023-05-08T13:00:04","guid":{"rendered":"https:\/\/farwell.ee\/toode\/platvormkaru-730x480x825mm-kaepidemega-kokkupandav\/"},"modified":"2026-03-12T09:15:04","modified_gmt":"2026-03-12T07:15:04","slug":"platvormkaru-730x480x825mm-kaepidemega-kokkupandav","status":"publish","type":"product","link":"https:\/\/farwell.ee\/en\/product\/platvormkaru-730x480x825mm-kaepidemega-kokkupandav\/","title":{"rendered":"Platvormk\u00e4ru 74,2x480x845mm k\u00e4epidemega, kokkupandav"},"content":{"rendered":"","protected":false},"excerpt":{"rendered":"<p>Roostevabast terasest raami ja pol\u00fcprop\u00fcleenist platvormiga teisaldusk\u00e4ru toidukastide, leivakastide, termoste ja termokastide transpordiks.<br \/>\nKokkupandav, mugav transportida ja ladustada.<br \/>\nKandev\u00f5ime kuni 200kg.<\/p>","protected":false},"featured_media":38642,"template":"","meta":{"_acf_changed":false,"inline_featured_image":false},"product_brand":[],"product_cat":[6371],"product_tag":[],"class_list":{"0":"post-21288","1":"product","2":"type-product","3":"status-publish","4":"has-post-thumbnail","6":"product_cat-koogikarud-ja-togid","7":"pa_kaubamark-amerbox","9":"first","10":"outofstock","11":"shipping-taxable","12":"purchasable","13":"product-type-simple"},"acf":[],"_links":{"self":[{"href":"https:\/\/farwell.ee\/en\/wp-json\/wp\/v2\/product\/21288","targetHints":{"allow":["GET"]}}],"collection":[{"href":"https:\/\/farwell.ee\/en\/wp-json\/wp\/v2\/product"}],"about":[{"href":"https:\/\/farwell.ee\/en\/wp-json\/wp\/v2\/types\/product"}],"wp:featuredmedia":[{"embeddable":true,"href":"https:\/\/farwell.ee\/en\/wp-json\/wp\/v2\/media\/38642"}],"wp:attachment":[{"href":"https:\/\/farwell.ee\/en\/wp-json\/wp\/v2\/media?parent=21288"}],"wp:term":[{"taxonomy":"product_brand","embeddable":true,"href":"https:\/\/farwell.ee\/en\/wp-json\/wp\/v2\/product_brand?post=21288"},{"taxonomy":"product_cat","embeddable":true,"href":"https:\/\/farwell.ee\/en\/wp-json\/wp\/v2\/product_cat?post=21288"},{"taxonomy":"product_tag","embeddable":true,"href":"https:\/\/farwell.ee\/en\/wp-json\/wp\/v2\/product_tag?post=21288"}],"curies":[{"name":"wp","href":"https:\/\/api.w.org\/{rel}","templated":true}]}}