{"id":21255,"date":"2023-04-28T10:45:03","date_gmt":"2023-04-28T07:45:03","guid":{"rendered":"https:\/\/farwell.ee\/toode\/pliini-ja-munapann-7-suvendiga-sobib-igale-pliidituubile-3\/"},"modified":"2026-03-27T17:00:04","modified_gmt":"2026-03-27T15:00:04","slug":"pliini-ja-munapann-7-suvendiga-sobib-igale-pliidituubile-3","status":"publish","type":"product","link":"https:\/\/farwell.ee\/en\/product\/pliini-ja-munapann-7-suvendiga-sobib-igale-pliidituubile-3\/","title":{"rendered":"Pliini- ja munapann 7-s\u00fcvendiga, sobib igale pliidit\u00fc\u00fcbile"},"content":{"rendered":"","protected":false},"excerpt":{"rendered":"<p>Alumiiniumist korpusega ja nakkumatu sisekattega muna- v\u00f5i pliinipann.<br \/>\nL\u00e4bim\u00f5\u00f5t 27cm.<br \/>\n7-s\u00fcvendit l\u00e4bim\u00f5\u00f5duga 8cm ja k\u00f5rgusega 1cm.<br \/>\nPann sobib ka induktsioonile.<br \/>\nSobilik praadimislabidas munade ja pliinide \u00fcmberp\u00f6\u00f6ramiseks on toode koodiga 20452270.<\/p>","protected":false},"featured_media":27665,"template":"","meta":{"_acf_changed":false,"inline_featured_image":false},"product_brand":[],"product_cat":[152],"product_tag":[6143,6145],"class_list":{"0":"post-21255","1":"product","2":"type-product","3":"status-publish","4":"has-post-thumbnail","6":"product_cat-pannid","7":"product_tag-praadimispann","8":"product_tag-praepann","9":"pa_kaubamark-heirol","11":"first","12":"instock","13":"shipping-taxable","14":"purchasable","15":"product-type-simple"},"acf":[],"_links":{"self":[{"href":"https:\/\/farwell.ee\/en\/wp-json\/wp\/v2\/product\/21255","targetHints":{"allow":["GET"]}}],"collection":[{"href":"https:\/\/farwell.ee\/en\/wp-json\/wp\/v2\/product"}],"about":[{"href":"https:\/\/farwell.ee\/en\/wp-json\/wp\/v2\/types\/product"}],"wp:featuredmedia":[{"embeddable":true,"href":"https:\/\/farwell.ee\/en\/wp-json\/wp\/v2\/media\/27665"}],"wp:attachment":[{"href":"https:\/\/farwell.ee\/en\/wp-json\/wp\/v2\/media?parent=21255"}],"wp:term":[{"taxonomy":"product_brand","embeddable":true,"href":"https:\/\/farwell.ee\/en\/wp-json\/wp\/v2\/product_brand?post=21255"},{"taxonomy":"product_cat","embeddable":true,"href":"https:\/\/farwell.ee\/en\/wp-json\/wp\/v2\/product_cat?post=21255"},{"taxonomy":"product_tag","embeddable":true,"href":"https:\/\/farwell.ee\/en\/wp-json\/wp\/v2\/product_tag?post=21255"}],"curies":[{"name":"wp","href":"https:\/\/api.w.org\/{rel}","templated":true}]}}