{"id":21203,"date":"2023-04-25T10:15:04","date_gmt":"2023-04-25T07:15:04","guid":{"rendered":"https:\/\/farwell.ee\/toode\/lauakaal-15kg-digitaalne-taadeldud-jaotise-vaartus-5g\/"},"modified":"2026-04-17T16:15:04","modified_gmt":"2026-04-17T13:15:04","slug":"lauakaal-15kg-digitaalne-taadeldud-jaotise-vaartus-5g","status":"publish","type":"product","link":"https:\/\/farwell.ee\/en\/product\/lauakaal-15kg-digitaalne-taadeldud-jaotise-vaartus-5g\/","title":{"rendered":"Lauakaal 15kg digitaalne, taadeldud, jaotise v\u00e4\u00e4rtus 5g"},"content":{"rendered":"","protected":false},"excerpt":{"rendered":"<p>Jaotusv\u00e4\u00e4rtus ehk t\u00e4psus: 5 grammi<br \/>\nMinimaalne koormus 100 grammi<br \/>\nKaalumise \u00fclempiir: 15kg<br \/>\nKaitseaste: IP44 (pritsmekindel)<br \/>\nKaalu m\u00f5\u00f5t: 286 x 316 x 126,5 mm<br \/>\nPlatvormi m\u00f5\u00f5t: 200x260mm roostevaba<br \/>\nTaadeldav: EL esmataatlus<br \/>\nToide: AC adapter (12V\/500mA), aku (6V\/3,2Ah).<br \/>\nT\u00f6\u00f6aeg 70 tundi.<br \/>\nT\u00f6\u00f6temperatuur: -10\u00b0C \u2026. +40\u00b0C<br \/>\nFunktsioonid: nullimine, taara, \u00fchikute konverteerimine.<br \/>\nEkraan: LCD-ekraan, numbrite k\u00f5rgus 25mm, valge LED taustvalgustusega.<\/p>","protected":false},"featured_media":36341,"template":"","meta":{"_acf_changed":false,"inline_featured_image":false},"product_brand":[],"product_cat":[12393],"product_tag":[6987,6988],"class_list":{"0":"post-21203","1":"product","2":"type-product","3":"status-publish","4":"has-post-thumbnail","6":"product_cat-kaalud","7":"product_tag-kaubakaal","8":"product_tag-koogikaal","9":"pa_kaubamark-t-scale","11":"first","12":"outofstock","13":"shipping-taxable","14":"purchasable","15":"product-type-simple"},"acf":[],"_links":{"self":[{"href":"https:\/\/farwell.ee\/en\/wp-json\/wp\/v2\/product\/21203","targetHints":{"allow":["GET"]}}],"collection":[{"href":"https:\/\/farwell.ee\/en\/wp-json\/wp\/v2\/product"}],"about":[{"href":"https:\/\/farwell.ee\/en\/wp-json\/wp\/v2\/types\/product"}],"wp:featuredmedia":[{"embeddable":true,"href":"https:\/\/farwell.ee\/en\/wp-json\/wp\/v2\/media\/36341"}],"wp:attachment":[{"href":"https:\/\/farwell.ee\/en\/wp-json\/wp\/v2\/media?parent=21203"}],"wp:term":[{"taxonomy":"product_brand","embeddable":true,"href":"https:\/\/farwell.ee\/en\/wp-json\/wp\/v2\/product_brand?post=21203"},{"taxonomy":"product_cat","embeddable":true,"href":"https:\/\/farwell.ee\/en\/wp-json\/wp\/v2\/product_cat?post=21203"},{"taxonomy":"product_tag","embeddable":true,"href":"https:\/\/farwell.ee\/en\/wp-json\/wp\/v2\/product_tag?post=21203"}],"curies":[{"name":"wp","href":"https:\/\/api.w.org\/{rel}","templated":true}]}}