{"id":21162,"date":"2023-04-21T13:30:03","date_gmt":"2023-04-21T10:30:03","guid":{"rendered":"https:\/\/farwell.ee\/toode\/terituskivi-ehk-vesiluisk-1000-600dmi\/"},"modified":"2026-03-18T13:30:05","modified_gmt":"2026-03-18T11:30:05","slug":"terituskivi-ehk-vesiluisk-1000-600dmi","status":"publish","type":"product","link":"https:\/\/farwell.ee\/en\/product\/terituskivi-ehk-vesiluisk-1000-600dmi\/","title":{"rendered":"Terituskivi ehk vesiluisk 600\/1000dmi"},"content":{"rendered":"","protected":false},"excerpt":{"rendered":"<p>Klassikaline vesiterituskivi ehk vesiluisk teralisusega 600\/1000 dmi.<br \/>\nKasutatakse k\u00f5vemast terasest terade regulaarseks teritamiseks.<br \/>\nAluseks on libisematu silikoonraam, mis hoiab kivi liikumatult paigal ega kriimusta t\u00f6\u00f6pindasid.<\/p>\n<p>Kasutusjuhend: leota kivi u. 5 minutit vees enne kasutamist, oota kuni kivi pinnalt ei eraldu enam \u00f5humulle.<br \/>\nAlusta p\u00f6\u00f6rlevate v\u00f5i sirgete liigutusega noatera h\u00f5\u00f5rumist vastu karedamat kivipinda, hoides \u00f5iget teritusnurka.<br \/>\nEriti oluline on \u00f5ige teritusnurga hoidmine (kontrolli teritusnurka vastavalt noa br\u00e4ndile!).<br \/>\nTeritamise k\u00e4igus pritsi s\u00f5rmedega kivipinnale vett &#8211; kivipind peab olema \u00fchtlaselt m\u00e4rg.<br \/>\nTeritamise l\u00f5petamisel loputa kivi veega ja aseta ilma aluseta kuivama.<br \/>\nOluline on kasutada teritamisel kogu kivipinda, et see ei kuluks eba\u00fchtlaselt.<br \/>\n\u00c4ra pilla kivi maha, see v\u00f5ib katki minna.<\/p>","protected":false},"featured_media":28883,"template":"","meta":{"_acf_changed":false,"inline_featured_image":false},"product_brand":[],"product_cat":[140],"product_tag":[],"class_list":{"0":"post-21162","1":"product","2":"type-product","3":"status-publish","4":"has-post-thumbnail","6":"product_cat-kooginoad","7":"pa_kaubamark-paderno","9":"first","10":"instock","11":"shipping-taxable","12":"purchasable","13":"product-type-simple"},"acf":[],"_links":{"self":[{"href":"https:\/\/farwell.ee\/en\/wp-json\/wp\/v2\/product\/21162","targetHints":{"allow":["GET"]}}],"collection":[{"href":"https:\/\/farwell.ee\/en\/wp-json\/wp\/v2\/product"}],"about":[{"href":"https:\/\/farwell.ee\/en\/wp-json\/wp\/v2\/types\/product"}],"wp:featuredmedia":[{"embeddable":true,"href":"https:\/\/farwell.ee\/en\/wp-json\/wp\/v2\/media\/28883"}],"wp:attachment":[{"href":"https:\/\/farwell.ee\/en\/wp-json\/wp\/v2\/media?parent=21162"}],"wp:term":[{"taxonomy":"product_brand","embeddable":true,"href":"https:\/\/farwell.ee\/en\/wp-json\/wp\/v2\/product_brand?post=21162"},{"taxonomy":"product_cat","embeddable":true,"href":"https:\/\/farwell.ee\/en\/wp-json\/wp\/v2\/product_cat?post=21162"},{"taxonomy":"product_tag","embeddable":true,"href":"https:\/\/farwell.ee\/en\/wp-json\/wp\/v2\/product_tag?post=21162"}],"curies":[{"name":"wp","href":"https:\/\/api.w.org\/{rel}","templated":true}]}}