{"id":21160,"date":"2023-04-21T13:15:04","date_gmt":"2023-04-21T10:15:04","guid":{"rendered":"https:\/\/farwell.ee\/toode\/teemantpulk-ehk-terituspulk-26cm-taidea\/"},"modified":"2026-04-24T12:45:04","modified_gmt":"2026-04-24T09:45:04","slug":"teemantpulk-ehk-terituspulk-26cm-taidea","status":"publish","type":"product","link":"https:\/\/farwell.ee\/en\/product\/teemantpulk-ehk-terituspulk-26cm-taidea\/","title":{"rendered":"Terituspulk 26cm teemantkattega Taidea"},"content":{"rendered":"","protected":false},"excerpt":{"rendered":"<p>Teemantpulgaga v\u00f5ib teritada k\u00f5iki terariistasid &#8211; alates tippklassi jaapani kokanugadest kuni vikatini v\u00e4lja.<br \/>\nTeemant on tuntud materjalidest k\u00f5veim ja sellep\u00e4rast sobib h\u00e4sti terasest nugade teritamiseks.<br \/>\nTeritaja pinnal on teemanttolm, mis teritab noad efektiivselt.<\/p>","protected":false},"featured_media":21157,"template":"","meta":{"_acf_changed":false,"inline_featured_image":false},"product_brand":[],"product_cat":[140],"product_tag":[],"class_list":{"0":"post-21160","1":"product","2":"type-product","3":"status-publish","4":"has-post-thumbnail","6":"product_cat-kooginoad","7":"pa_kaubamark-taidea","9":"first","10":"instock","11":"shipping-taxable","12":"purchasable","13":"product-type-simple"},"acf":[],"_links":{"self":[{"href":"https:\/\/farwell.ee\/en\/wp-json\/wp\/v2\/product\/21160","targetHints":{"allow":["GET"]}}],"collection":[{"href":"https:\/\/farwell.ee\/en\/wp-json\/wp\/v2\/product"}],"about":[{"href":"https:\/\/farwell.ee\/en\/wp-json\/wp\/v2\/types\/product"}],"wp:featuredmedia":[{"embeddable":true,"href":"https:\/\/farwell.ee\/en\/wp-json\/wp\/v2\/media\/21157"}],"wp:attachment":[{"href":"https:\/\/farwell.ee\/en\/wp-json\/wp\/v2\/media?parent=21160"}],"wp:term":[{"taxonomy":"product_brand","embeddable":true,"href":"https:\/\/farwell.ee\/en\/wp-json\/wp\/v2\/product_brand?post=21160"},{"taxonomy":"product_cat","embeddable":true,"href":"https:\/\/farwell.ee\/en\/wp-json\/wp\/v2\/product_cat?post=21160"},{"taxonomy":"product_tag","embeddable":true,"href":"https:\/\/farwell.ee\/en\/wp-json\/wp\/v2\/product_tag?post=21160"}],"curies":[{"name":"wp","href":"https:\/\/api.w.org\/{rel}","templated":true}]}}