{"id":20998,"date":"2023-04-17T10:00:04","date_gmt":"2023-04-17T07:00:04","guid":{"rendered":"https:\/\/farwell.ee\/toode\/infrapuna-termomeeter-32c-400c-kontaktivaba\/"},"modified":"2026-03-24T12:30:04","modified_gmt":"2026-03-24T10:30:04","slug":"infrapuna-termomeeter-32c-400c-kontaktivaba","status":"publish","type":"product","link":"https:\/\/farwell.ee\/en\/product\/infrapuna-termomeeter-32c-400c-kontaktivaba\/","title":{"rendered":"Infrapuna termomeeter -32\u00b0C kuni +400\u00b0C kontaktivaba"},"content":{"rendered":"","protected":false},"excerpt":{"rendered":"<div id=\"attribute-overview\" class=\"product attribute overview\">\n<div class=\"value\"><span dir=\"auto\">Infrapunatermomeeter on loodud kiireks ja kontaktivabaks temperatuuri m\u00f5\u00f5tmiseks n\u00f5udlikes keskkondades.<br \/>\nSisseehitatud laserpointer tagab t\u00e4pse sihtimise, samas kui 12:1 kauguse ja m\u00f5\u00f5tepunkti suhe v\u00f5imaldab saada t\u00e4pseid n\u00e4ite ohutust kaugusest.<\/span><\/div>\n<\/div>\n<div class=\"product-benefits\">\n<div><\/div>\n<\/div>\n<p><span dir=\"auto\">Laserpointer t\u00e4pseks sihtimiseks.<\/span><br \/>\n<span dir=\"auto\">M\u00f5\u00f5teulatus: -32 kuni +400 \u00b0C.<\/span><br \/>\n<span dir=\"auto\">Graduatsioon: 0,1 \u00b0C, t\u00e4psus: kuni \u2248 1,5 \u00b0C\/\u2248 1,5%.<\/span><br \/>\n<span dir=\"auto\">M\u00f5\u00f5tekauguse ja m\u00f5\u00f5detava pinna suhe: 12:1.<\/span><br \/>\n<span dir=\"auto\">Lukustusre\u017eiimi funktsioon pidevaks temperatuuri j\u00e4lgimiseks.<\/span><br \/>\n<span dir=\"auto\">Automaatne v\u00e4ljal\u00fclitus.<\/span><br \/>\n<span dir=\"auto\">9 V patarei on kaasas.<\/span><\/p>","protected":false},"featured_media":38788,"template":"","meta":{"_acf_changed":false,"inline_featured_image":false},"product_brand":[],"product_cat":[181],"product_tag":[],"class_list":{"0":"post-20998","1":"product","2":"type-product","3":"status-publish","4":"has-post-thumbnail","6":"product_cat-termomeetrid-ja-taimerid","7":"pa_kaubamark-hendi","9":"first","10":"outofstock","11":"shipping-taxable","12":"purchasable","13":"product-type-simple"},"acf":[],"_links":{"self":[{"href":"https:\/\/farwell.ee\/en\/wp-json\/wp\/v2\/product\/20998","targetHints":{"allow":["GET"]}}],"collection":[{"href":"https:\/\/farwell.ee\/en\/wp-json\/wp\/v2\/product"}],"about":[{"href":"https:\/\/farwell.ee\/en\/wp-json\/wp\/v2\/types\/product"}],"wp:featuredmedia":[{"embeddable":true,"href":"https:\/\/farwell.ee\/en\/wp-json\/wp\/v2\/media\/38788"}],"wp:attachment":[{"href":"https:\/\/farwell.ee\/en\/wp-json\/wp\/v2\/media?parent=20998"}],"wp:term":[{"taxonomy":"product_brand","embeddable":true,"href":"https:\/\/farwell.ee\/en\/wp-json\/wp\/v2\/product_brand?post=20998"},{"taxonomy":"product_cat","embeddable":true,"href":"https:\/\/farwell.ee\/en\/wp-json\/wp\/v2\/product_cat?post=20998"},{"taxonomy":"product_tag","embeddable":true,"href":"https:\/\/farwell.ee\/en\/wp-json\/wp\/v2\/product_tag?post=20998"}],"curies":[{"name":"wp","href":"https:\/\/api.w.org\/{rel}","templated":true}]}}