{"id":20986,"date":"2023-04-14T13:30:05","date_gmt":"2023-04-14T10:30:05","guid":{"rendered":"https:\/\/farwell.ee\/toode\/puhastusvore-66mm-alligator-juurviljaloikurile-3094\/"},"modified":"2026-04-02T10:45:16","modified_gmt":"2026-04-02T07:45:16","slug":"puhastusvore-66mm-alligator-juurviljaloikurile-3094","status":"publish","type":"product","link":"https:\/\/farwell.ee\/en\/product\/puhastusvore-66mm-alligator-juurviljaloikurile-3094\/","title":{"rendered":"Puhastusv\u00f5re 6,6mm Alligator juurviljal\u00f5ikurile 3094"},"content":{"rendered":"","protected":false},"excerpt":{"rendered":"<p>Terasest sibulal\u00f5ikuri Alligator puhastusrest, mida kasutatakse koos 6x6mm l\u00f5ikerestiga.<\/p>","protected":false},"featured_media":20985,"template":"","meta":{"_acf_changed":false,"inline_featured_image":false},"product_brand":[],"product_cat":[163],"product_tag":[],"class_list":{"0":"post-20986","1":"product","2":"type-product","3":"status-publish","4":"has-post-thumbnail","6":"product_cat-riivid-koorijad-ja-pureestajad","7":"pa_kaubamark-alligator","9":"first","10":"outofstock","11":"shipping-taxable","12":"purchasable","13":"product-type-simple"},"acf":[],"_links":{"self":[{"href":"https:\/\/farwell.ee\/en\/wp-json\/wp\/v2\/product\/20986","targetHints":{"allow":["GET"]}}],"collection":[{"href":"https:\/\/farwell.ee\/en\/wp-json\/wp\/v2\/product"}],"about":[{"href":"https:\/\/farwell.ee\/en\/wp-json\/wp\/v2\/types\/product"}],"wp:featuredmedia":[{"embeddable":true,"href":"https:\/\/farwell.ee\/en\/wp-json\/wp\/v2\/media\/20985"}],"wp:attachment":[{"href":"https:\/\/farwell.ee\/en\/wp-json\/wp\/v2\/media?parent=20986"}],"wp:term":[{"taxonomy":"product_brand","embeddable":true,"href":"https:\/\/farwell.ee\/en\/wp-json\/wp\/v2\/product_brand?post=20986"},{"taxonomy":"product_cat","embeddable":true,"href":"https:\/\/farwell.ee\/en\/wp-json\/wp\/v2\/product_cat?post=20986"},{"taxonomy":"product_tag","embeddable":true,"href":"https:\/\/farwell.ee\/en\/wp-json\/wp\/v2\/product_tag?post=20986"}],"curies":[{"name":"wp","href":"https:\/\/api.w.org\/{rel}","templated":true}]}}