{"id":20982,"date":"2023-04-14T13:30:04","date_gmt":"2023-04-14T10:30:04","guid":{"rendered":"https:\/\/farwell.ee\/toode\/juurviljaloikur-kuubikuloikur-roostevabast-terasest-alligator\/"},"modified":"2026-03-10T14:15:03","modified_gmt":"2026-03-10T12:15:03","slug":"juurviljaloikur-kuubikuloikur-roostevabast-terasest-alligator","status":"publish","type":"product","link":"https:\/\/farwell.ee\/en\/product\/juurviljaloikur-kuubikuloikur-roostevabast-terasest-alligator\/","title":{"rendered":"Juurviljal\u00f5ikur \/ kuubikul\u00f5ikur roostevabast terasest Alligator"},"content":{"rendered":"","protected":false},"excerpt":{"rendered":"<p>K\u00f6\u00f6giviljal\u00f5ikur Alligator hakib k\u00f6\u00f6giviljad silmapilguga kuubikuteks v\u00f5i ribadeks ilma pisarateta.<br \/>\nHakitavad koostisosad asetatakse Alligaatori &#8220;suhu&#8221;, kaas surutakse alla ja teravate servadega terasrest ribastab sibula.<br \/>\nKui soovite, et ribad oleksid kuubikuteks, asetage ribad tagasi alligaatorisse ja vajutage teist korda.<br \/>\nKaane peal olev kuppel kogub kokku l\u00f5igatud k\u00f6\u00f6giviljad.<\/p>\n<p>Terasest k\u00f6\u00f6giviljal\u00f5ikur Alligator on vastupidav ja luksusliku teravalikuga:<br \/>\nsellel on 3 x 3 mm tera n\u00e4iteks k\u00fc\u00fcslaugule,\u00a0 6 x 6 mm tera n\u00e4iteks sibulatele ja 12 x 12 mm tera n\u00e4iteks friikartulite jaoks.<br \/>\nKuppelkaane maht 1100 ml.<\/p>\n<p>K\u00f5rgus: 105 mm<br \/>\nLaius: 120 mm<br \/>\nS\u00fcgavus: 280 mm<br \/>\nKaal (neto): 1,2 kg<br \/>\nKaal (bruto): 1,4 kg<\/p>","protected":false},"featured_media":20980,"template":"","meta":{"_acf_changed":false,"inline_featured_image":false},"product_brand":[],"product_cat":[163],"product_tag":[],"class_list":{"0":"post-20982","1":"product","2":"type-product","3":"status-publish","4":"has-post-thumbnail","6":"product_cat-riivid-koorijad-ja-pureestajad","7":"pa_kaubamark-alligator","9":"first","10":"outofstock","11":"shipping-taxable","12":"purchasable","13":"product-type-simple"},"acf":[],"_links":{"self":[{"href":"https:\/\/farwell.ee\/en\/wp-json\/wp\/v2\/product\/20982","targetHints":{"allow":["GET"]}}],"collection":[{"href":"https:\/\/farwell.ee\/en\/wp-json\/wp\/v2\/product"}],"about":[{"href":"https:\/\/farwell.ee\/en\/wp-json\/wp\/v2\/types\/product"}],"wp:featuredmedia":[{"embeddable":true,"href":"https:\/\/farwell.ee\/en\/wp-json\/wp\/v2\/media\/20980"}],"wp:attachment":[{"href":"https:\/\/farwell.ee\/en\/wp-json\/wp\/v2\/media?parent=20982"}],"wp:term":[{"taxonomy":"product_brand","embeddable":true,"href":"https:\/\/farwell.ee\/en\/wp-json\/wp\/v2\/product_brand?post=20982"},{"taxonomy":"product_cat","embeddable":true,"href":"https:\/\/farwell.ee\/en\/wp-json\/wp\/v2\/product_cat?post=20982"},{"taxonomy":"product_tag","embeddable":true,"href":"https:\/\/farwell.ee\/en\/wp-json\/wp\/v2\/product_tag?post=20982"}],"curies":[{"name":"wp","href":"https:\/\/api.w.org\/{rel}","templated":true}]}}