{"id":20809,"date":"2023-04-05T10:30:03","date_gmt":"2023-04-05T07:30:03","guid":{"rendered":"https:\/\/farwell.ee\/toode\/mikser-ehk-universaalajam-7l-voimsus-650w-128-252-545-p-min\/"},"modified":"2026-01-09T10:45:10","modified_gmt":"2026-01-09T08:45:10","slug":"mikser-ehk-universaalajam-7l-voimsus-650w-128-252-545-p-min","status":"publish","type":"product","link":"https:\/\/farwell.ee\/en\/product\/mikser-ehk-universaalajam-7l-voimsus-650w-128-252-545-p-min\/","title":{"rendered":"Mikser ehk universaalajam 7L, v\u00f5imsus 650W, 128\/252\/545 p\/min"},"content":{"rendered":"","protected":false},"excerpt":{"rendered":"<p>Maksimaalne s\u00f5tkumisev\u00f5imsus: 0,8 kg jahu<br \/>\nV\u00f5imsus 650W<br \/>\nStandardlisad: konks, m\u00f5la, pallvispel, segamisn\u00f5u<br \/>\nM\u00f5\u00f5dud:\u00a0330x430x500\u00a0mm<br \/>\nKolm kiirust: 128\/252\/545\u00a0p\/min<br \/>\nPinge 230V \/ 50Hz \/ 1 faas<br \/>\nAnuma maht 7L<br \/>\nMaterjal : metallist korpus<\/p>\n<p>Kvaliteetne valatud terasest korpus, survevalu pealmine kate ja plastikust kausikaitse.<br \/>\nSuure j\u00f5udlusega tiguajam ja k\u00e4igud.<br \/>\nOhutu kasutada mitme turval\u00fcliti ja \u00fclekoormuskaitse t\u00f5ttu.<br \/>\nLihtne kasutada digitaalset juhtpaneeli.<br \/>\nKausikaitse kaitsel\u00fcliti, kausikaitse avamisel masin seiskub.<\/p>","protected":false},"featured_media":31052,"template":"","meta":{"_acf_changed":false,"inline_featured_image":false},"product_brand":[],"product_cat":[6388],"product_tag":[],"class_list":{"0":"post-20809","1":"product","2":"type-product","3":"status-publish","4":"has-post-thumbnail","6":"product_cat-mikserid","7":"pa_kaubamark-hendi","9":"first","10":"outofstock","11":"shipping-taxable","12":"purchasable","13":"product-type-simple"},"acf":[],"_links":{"self":[{"href":"https:\/\/farwell.ee\/en\/wp-json\/wp\/v2\/product\/20809","targetHints":{"allow":["GET"]}}],"collection":[{"href":"https:\/\/farwell.ee\/en\/wp-json\/wp\/v2\/product"}],"about":[{"href":"https:\/\/farwell.ee\/en\/wp-json\/wp\/v2\/types\/product"}],"wp:featuredmedia":[{"embeddable":true,"href":"https:\/\/farwell.ee\/en\/wp-json\/wp\/v2\/media\/31052"}],"wp:attachment":[{"href":"https:\/\/farwell.ee\/en\/wp-json\/wp\/v2\/media?parent=20809"}],"wp:term":[{"taxonomy":"product_brand","embeddable":true,"href":"https:\/\/farwell.ee\/en\/wp-json\/wp\/v2\/product_brand?post=20809"},{"taxonomy":"product_cat","embeddable":true,"href":"https:\/\/farwell.ee\/en\/wp-json\/wp\/v2\/product_cat?post=20809"},{"taxonomy":"product_tag","embeddable":true,"href":"https:\/\/farwell.ee\/en\/wp-json\/wp\/v2\/product_tag?post=20809"}],"curies":[{"name":"wp","href":"https:\/\/api.w.org\/{rel}","templated":true}]}}