{"id":20629,"date":"2023-03-31T15:15:03","date_gmt":"2023-03-31T12:15:03","guid":{"rendered":"https:\/\/farwell.ee\/toode\/serveerimiskaru-3-tasapinnaga-1015x540x950mm-must\/"},"modified":"2026-01-16T12:15:05","modified_gmt":"2026-01-16T10:15:05","slug":"serveerimiskaru-3-tasapinnaga-1015x540x950mm-must","status":"publish","type":"product","link":"https:\/\/farwell.ee\/en\/product\/serveerimiskaru-3-tasapinnaga-1015x540x950mm-must\/","title":{"rendered":"Serveerimisk\u00e4ru 3-tasapinnaga, tasapinna m\u00f5\u00f5dud 80x52cm"},"content":{"rendered":"","protected":false},"excerpt":{"rendered":"<p>V\u00e4lism\u00f5\u00f5dud: 1015x540x950mm.<br \/>\nTasapinna m\u00f5\u00f5dud: 800x520x298mm.<br \/>\nKolme plastikust tasapinnaga.<br \/>\nKandev\u00f5ime 180kg.<br \/>\n4 p\u00f6\u00f6ravat piduriteta ratast.<br \/>\nKokkupandav.<\/p>","protected":false},"featured_media":20633,"template":"","meta":{"_acf_changed":false,"inline_featured_image":false},"product_brand":[],"product_cat":[6321],"product_tag":[],"class_list":{"0":"post-20629","1":"product","2":"type-product","3":"status-publish","4":"has-post-thumbnail","6":"product_cat-serveerimiskarud-ja-lauad","7":"pa_kaubamark-cambro","9":"first","10":"outofstock","11":"shipping-taxable","12":"purchasable","13":"product-type-simple"},"acf":[],"_links":{"self":[{"href":"https:\/\/farwell.ee\/en\/wp-json\/wp\/v2\/product\/20629","targetHints":{"allow":["GET"]}}],"collection":[{"href":"https:\/\/farwell.ee\/en\/wp-json\/wp\/v2\/product"}],"about":[{"href":"https:\/\/farwell.ee\/en\/wp-json\/wp\/v2\/types\/product"}],"wp:featuredmedia":[{"embeddable":true,"href":"https:\/\/farwell.ee\/en\/wp-json\/wp\/v2\/media\/20633"}],"wp:attachment":[{"href":"https:\/\/farwell.ee\/en\/wp-json\/wp\/v2\/media?parent=20629"}],"wp:term":[{"taxonomy":"product_brand","embeddable":true,"href":"https:\/\/farwell.ee\/en\/wp-json\/wp\/v2\/product_brand?post=20629"},{"taxonomy":"product_cat","embeddable":true,"href":"https:\/\/farwell.ee\/en\/wp-json\/wp\/v2\/product_cat?post=20629"},{"taxonomy":"product_tag","embeddable":true,"href":"https:\/\/farwell.ee\/en\/wp-json\/wp\/v2\/product_tag?post=20629"}],"curies":[{"name":"wp","href":"https:\/\/api.w.org\/{rel}","templated":true}]}}