{"id":20620,"date":"2023-03-31T13:38:45","date_gmt":"2023-03-31T10:38:45","guid":{"rendered":"https:\/\/farwell.ee\/?post_type=product&#038;p=20620"},"modified":"2024-03-12T10:29:17","modified_gmt":"2024-03-12T08:29:17","slug":"skyline-premium-kombi-boileriga-ahi-koos-puuteekraaniga-juhtimisega-10x1-1gn-kopeeri","status":"publish","type":"product","link":"https:\/\/farwell.ee\/en\/product\/skyline-premium-kombi-boileriga-ahi-koos-puuteekraaniga-juhtimisega-10x1-1gn-kopeeri\/","title":{"rendered":"Kombiahi SkyLine Premium boileriga +puutetundlik juhtpaneel, 10&#215;1\/1GN"},"content":{"rendered":"","protected":false},"excerpt":{"rendered":"<p><strong>*hinnale lisandub k\u00e4ibemaks\u00a0<\/strong><\/p>\n<p><strong>SkyLine PremiumS kombi boileriga ahi koos puuteekraaniga juhtimisega, 10&#215;1\/1GN, elektriline, 3 k\u00fcpsetusre\u017eiimi (automaatne, retseptidega programmid, manuaalne), automaatne pesemine<\/strong><\/p>\n<p><strong>M\u00f5\u00f5dud:<\/strong> 867x775x1058mm<br \/>\n<strong>Elektriv\u00f5imsus:<\/strong> 19Kw<\/p>\n<p><strong>LISAINFO<\/strong><br \/>\nDigitaalse liidesega kombineeritud ahi koos juhitud valikuga.<br \/>\n&#8211; Sisseehitatud aurugeneraator t\u00f5elise niiskuse reguleerimisega lambda anduril.<br \/>\n&#8211; OptiFlow \u00f5hujaotuss\u00fcsteem maksimaalse j\u00f5udluse saavutamiseks 5 ventilaatori kiirustasemega.<br \/>\n&#8211; SkyClean: automaatne ja sisseehitatud isepuhastuss\u00fcsteem koos aurugeneraatori integreeritud katlakivieemaldusega. 5 automaatset ts\u00fcklit (pehme, keskmine, tugev, eriti tugev, ainult loputatav).<br \/>\n&#8211; K\u00fcpsetusre\u017eiimid: Programmid (salvestada saab maksimaalselt 100 retsepti); K\u00e4sitsi (auru-, kombineeritud ja konvektsioonits\u00fcklid); EcoDelta k\u00fcpsetusts\u00fckkel; Regeneratsioonits\u00fckkel.<br \/>\n&#8211; Automaatne varure\u017eiim seisakute v\u00e4ltimiseks.<br \/>\n&#8211; USB-port HACCP andmete, programmide ja s\u00e4tete allalaadimiseks. \u00dchenduvus on valmis.<br \/>\n&#8211; \u00dche anduriga s\u00fcdamiku temperatuuriandur.<br \/>\n&#8211; LED-valgustitega topeltklaasiga uks.<br \/>\n&#8211; Kogu roostevabast terasest konstruktsioon.<br \/>\n&#8211; Tarnitakse n.1 kandikuriiuliga 1\/1 GN, 67 mm sammuga.<\/p>","protected":false},"featured_media":27081,"template":"","meta":{"_acf_changed":false,"inline_featured_image":false},"product_brand":[],"product_cat":[6316],"product_tag":[],"class_list":{"0":"post-20620","1":"product","2":"type-product","3":"status-publish","4":"has-post-thumbnail","6":"product_cat-kombiahjud","8":"first","9":"outofstock","10":"shipping-taxable","11":"purchasable","12":"product-type-simple"},"acf":[],"_links":{"self":[{"href":"https:\/\/farwell.ee\/en\/wp-json\/wp\/v2\/product\/20620","targetHints":{"allow":["GET"]}}],"collection":[{"href":"https:\/\/farwell.ee\/en\/wp-json\/wp\/v2\/product"}],"about":[{"href":"https:\/\/farwell.ee\/en\/wp-json\/wp\/v2\/types\/product"}],"wp:featuredmedia":[{"embeddable":true,"href":"https:\/\/farwell.ee\/en\/wp-json\/wp\/v2\/media\/27081"}],"wp:attachment":[{"href":"https:\/\/farwell.ee\/en\/wp-json\/wp\/v2\/media?parent=20620"}],"wp:term":[{"taxonomy":"product_brand","embeddable":true,"href":"https:\/\/farwell.ee\/en\/wp-json\/wp\/v2\/product_brand?post=20620"},{"taxonomy":"product_cat","embeddable":true,"href":"https:\/\/farwell.ee\/en\/wp-json\/wp\/v2\/product_cat?post=20620"},{"taxonomy":"product_tag","embeddable":true,"href":"https:\/\/farwell.ee\/en\/wp-json\/wp\/v2\/product_tag?post=20620"}],"curies":[{"name":"wp","href":"https:\/\/api.w.org\/{rel}","templated":true}]}}