{"id":20506,"date":"2023-03-29T14:15:03","date_gmt":"2023-03-29T11:15:03","guid":{"rendered":"https:\/\/farwell.ee\/toode\/noudepesukorv-50x25x10cm\/"},"modified":"2026-01-29T11:30:04","modified_gmt":"2026-01-29T09:30:04","slug":"noudepesukorv-50x25x10cm","status":"publish","type":"product","link":"https:\/\/farwell.ee\/en\/product\/noudepesukorv-50x25x10cm\/","title":{"rendered":"N\u00f5udepesukorv s\u00f6\u00f6giriistadele 50x25x10cm"},"content":{"rendered":"","protected":false},"excerpt":{"rendered":"","protected":false},"featured_media":20516,"template":"","meta":{"_acf_changed":false,"inline_featured_image":false},"product_brand":[],"product_cat":[12880,6267],"product_tag":[11894],"class_list":{"0":"post-20506","1":"product","2":"type-product","3":"status-publish","4":"has-post-thumbnail","6":"product_cat-noudepesu-korvid-outlet","7":"product_cat-noudepesurestid","8":"product_tag-soogiriistade-pesukorv","9":"pa_kaubamark-contacto","11":"first","12":"instock","13":"sale","14":"shipping-taxable","15":"purchasable","16":"product-type-simple"},"acf":[],"_links":{"self":[{"href":"https:\/\/farwell.ee\/en\/wp-json\/wp\/v2\/product\/20506","targetHints":{"allow":["GET"]}}],"collection":[{"href":"https:\/\/farwell.ee\/en\/wp-json\/wp\/v2\/product"}],"about":[{"href":"https:\/\/farwell.ee\/en\/wp-json\/wp\/v2\/types\/product"}],"wp:featuredmedia":[{"embeddable":true,"href":"https:\/\/farwell.ee\/en\/wp-json\/wp\/v2\/media\/20516"}],"wp:attachment":[{"href":"https:\/\/farwell.ee\/en\/wp-json\/wp\/v2\/media?parent=20506"}],"wp:term":[{"taxonomy":"product_brand","embeddable":true,"href":"https:\/\/farwell.ee\/en\/wp-json\/wp\/v2\/product_brand?post=20506"},{"taxonomy":"product_cat","embeddable":true,"href":"https:\/\/farwell.ee\/en\/wp-json\/wp\/v2\/product_cat?post=20506"},{"taxonomy":"product_tag","embeddable":true,"href":"https:\/\/farwell.ee\/en\/wp-json\/wp\/v2\/product_tag?post=20506"}],"curies":[{"name":"wp","href":"https:\/\/api.w.org\/{rel}","templated":true}]}}