{"id":20321,"date":"2023-03-14T12:45:03","date_gmt":"2023-03-14T10:45:03","guid":{"rendered":"https:\/\/farwell.ee\/toode\/gaasiballoonid-4tk-kompl-227g-400ml\/"},"modified":"2026-04-14T19:45:08","modified_gmt":"2026-04-14T16:45:08","slug":"gaasiballoonid-4tk-kompl-227g-400ml","status":"publish","type":"product","link":"https:\/\/farwell.ee\/en\/product\/gaasiballoonid-4tk-kompl-227g-400ml\/","title":{"rendered":"Gaasiballoonid 4tk \/ kompl., 227g\/400ml"},"content":{"rendered":"","protected":false},"excerpt":{"rendered":"<p>Sobivad leeklampidele e. gaasip\u00f5letitele koodidega 198216 ja 198247.<br \/>\nNB! Mitte kasutada gaasis\u00fc\u00fctajate t\u00e4itmiseks !<br \/>\nKomplektis 4 ballooni.<\/p>","protected":false},"featured_media":20320,"template":"","meta":{"_acf_changed":false,"inline_featured_image":false},"product_brand":[],"product_cat":[7535],"product_tag":[],"class_list":{"0":"post-20321","1":"product","2":"type-product","3":"status-publish","4":"has-post-thumbnail","6":"product_cat-kulumaterjalid","7":"pa_kaubamark-hendi","9":"first","10":"instock","11":"shipping-taxable","12":"purchasable","13":"product-type-simple"},"acf":[],"_links":{"self":[{"href":"https:\/\/farwell.ee\/en\/wp-json\/wp\/v2\/product\/20321","targetHints":{"allow":["GET"]}}],"collection":[{"href":"https:\/\/farwell.ee\/en\/wp-json\/wp\/v2\/product"}],"about":[{"href":"https:\/\/farwell.ee\/en\/wp-json\/wp\/v2\/types\/product"}],"wp:featuredmedia":[{"embeddable":true,"href":"https:\/\/farwell.ee\/en\/wp-json\/wp\/v2\/media\/20320"}],"wp:attachment":[{"href":"https:\/\/farwell.ee\/en\/wp-json\/wp\/v2\/media?parent=20321"}],"wp:term":[{"taxonomy":"product_brand","embeddable":true,"href":"https:\/\/farwell.ee\/en\/wp-json\/wp\/v2\/product_brand?post=20321"},{"taxonomy":"product_cat","embeddable":true,"href":"https:\/\/farwell.ee\/en\/wp-json\/wp\/v2\/product_cat?post=20321"},{"taxonomy":"product_tag","embeddable":true,"href":"https:\/\/farwell.ee\/en\/wp-json\/wp\/v2\/product_tag?post=20321"}],"curies":[{"name":"wp","href":"https:\/\/api.w.org\/{rel}","templated":true}]}}