{"id":20275,"date":"2023-03-10T16:45:03","date_gmt":"2023-03-10T14:45:03","guid":{"rendered":"https:\/\/farwell.ee\/toode\/termokast-gn-1-1-150mm-maht-355l-pealtlaetav\/"},"modified":"2026-01-16T12:30:05","modified_gmt":"2026-01-16T10:30:05","slug":"termokast-gn-1-1-150mm-maht-355l-pealtlaetav","status":"publish","type":"product","link":"https:\/\/farwell.ee\/en\/product\/termokast-gn-1-1-150mm-maht-355l-pealtlaetav\/","title":{"rendered":"Termokast Gn 1\/1 19cm pealtlaetav, maht 35,5L"},"content":{"rendered":"","protected":false},"excerpt":{"rendered":"<p>EPP-vahtplastist.<br \/>\nV\u00e4lism\u00f5\u00f5dud 600x400x257mm.<br \/>\nSisem\u00f5\u00f5dud 538x338x195mm.<br \/>\nMahutavus 2 x GN 1\/1-65 v\u00f5i 1 x GN 1\/1-150.<br \/>\nMaht 35,5L.<br \/>\nKaal 1,07 kg.<br \/>\nTemperatuuritaluvus -40\u00b0 kuni +120\u00b0 C.<br \/>\nN\u00f5udepesumasinas pestav.<br \/>\nHea soojusisolatsioon.<br \/>\nTaaskasutatav materjal.<br \/>\nLisavarustuses saadaval sooja-, k\u00fclma- ja isoleerplaadid, trasnspordialus ja markeerimissildid.<\/p>","protected":false},"featured_media":20274,"template":"","meta":{"_acf_changed":false,"inline_featured_image":false},"product_brand":[],"product_cat":[5554],"product_tag":[],"class_list":{"0":"post-20275","1":"product","2":"type-product","3":"status-publish","4":"has-post-thumbnail","6":"product_cat-termokastid-ja-termokapid","7":"pa_kaubamark-cambro","9":"first","10":"outofstock","11":"shipping-taxable","12":"purchasable","13":"product-type-simple"},"acf":[],"_links":{"self":[{"href":"https:\/\/farwell.ee\/en\/wp-json\/wp\/v2\/product\/20275","targetHints":{"allow":["GET"]}}],"collection":[{"href":"https:\/\/farwell.ee\/en\/wp-json\/wp\/v2\/product"}],"about":[{"href":"https:\/\/farwell.ee\/en\/wp-json\/wp\/v2\/types\/product"}],"wp:featuredmedia":[{"embeddable":true,"href":"https:\/\/farwell.ee\/en\/wp-json\/wp\/v2\/media\/20274"}],"wp:attachment":[{"href":"https:\/\/farwell.ee\/en\/wp-json\/wp\/v2\/media?parent=20275"}],"wp:term":[{"taxonomy":"product_brand","embeddable":true,"href":"https:\/\/farwell.ee\/en\/wp-json\/wp\/v2\/product_brand?post=20275"},{"taxonomy":"product_cat","embeddable":true,"href":"https:\/\/farwell.ee\/en\/wp-json\/wp\/v2\/product_cat?post=20275"},{"taxonomy":"product_tag","embeddable":true,"href":"https:\/\/farwell.ee\/en\/wp-json\/wp\/v2\/product_tag?post=20275"}],"curies":[{"name":"wp","href":"https:\/\/api.w.org\/{rel}","templated":true}]}}