{"id":20215,"date":"2023-03-02T10:15:03","date_gmt":"2023-03-02T08:15:03","guid":{"rendered":"https:\/\/farwell.ee\/toode\/termokapp-57l-eestlaetav-maht-6-x-gn-1-1-65\/"},"modified":"2026-01-16T12:30:07","modified_gmt":"2026-01-16T10:30:07","slug":"termokapp-57l-eestlaetav-maht-6-x-gn-1-1-65","status":"publish","type":"product","link":"https:\/\/farwell.ee\/en\/product\/termokapp-57l-eestlaetav-maht-6-x-gn-1-1-65\/","title":{"rendered":"Termokapp 57L eestlaetav, mahutab 6 x GN 1\/1-65"},"content":{"rendered":"","protected":false},"excerpt":{"rendered":"<p>V\u00e4lism\u00f5\u00f5dud: 635 x 460 x 630 mm<br \/>\nSisem\u00f5\u00f5dud: 535 x 335 x 486 mm<br \/>\nMaht 57 L.<br \/>\nKaal 21,6kg.<br \/>\nMaterjal pol\u00fcet\u00fcleen, soojustusmaterjal pol\u00fcuretaan.<br \/>\nIntegreeritud k\u00e4epidemed<br \/>\nLukustatav uks, 230mm laia nailonist klambriga.<br \/>\nUks avaneb 270\u00b0 ja on kerge eemaldada puhastamise ajaks<br \/>\nTihendita uks &#8211; uus soontehnoloogia.<br \/>\nMahutavus 6 x GN 1\/1-65 n\u00f5ud v\u00f5i 4x GN 1\/1-100 n\u00f5ud v\u00f5i 3 x GN 1\/1-150 n\u00f5ud v\u00f5i 2 x GN 1\/1-200 n\u00f5ud.<\/p>\n<p>Lisana v\u00f5imalik tellida rataste komplekt koodiga UPCS400CK.<\/p>","protected":false},"featured_media":20212,"template":"","meta":{"_acf_changed":false,"inline_featured_image":false},"product_brand":[],"product_cat":[5554],"product_tag":[],"class_list":{"0":"post-20215","1":"product","2":"type-product","3":"status-publish","4":"has-post-thumbnail","6":"product_cat-termokastid-ja-termokapid","7":"pa_kaubamark-cambro","9":"first","10":"outofstock","11":"shipping-taxable","12":"purchasable","13":"product-type-simple"},"acf":[],"_links":{"self":[{"href":"https:\/\/farwell.ee\/en\/wp-json\/wp\/v2\/product\/20215","targetHints":{"allow":["GET"]}}],"collection":[{"href":"https:\/\/farwell.ee\/en\/wp-json\/wp\/v2\/product"}],"about":[{"href":"https:\/\/farwell.ee\/en\/wp-json\/wp\/v2\/types\/product"}],"wp:featuredmedia":[{"embeddable":true,"href":"https:\/\/farwell.ee\/en\/wp-json\/wp\/v2\/media\/20212"}],"wp:attachment":[{"href":"https:\/\/farwell.ee\/en\/wp-json\/wp\/v2\/media?parent=20215"}],"wp:term":[{"taxonomy":"product_brand","embeddable":true,"href":"https:\/\/farwell.ee\/en\/wp-json\/wp\/v2\/product_brand?post=20215"},{"taxonomy":"product_cat","embeddable":true,"href":"https:\/\/farwell.ee\/en\/wp-json\/wp\/v2\/product_cat?post=20215"},{"taxonomy":"product_tag","embeddable":true,"href":"https:\/\/farwell.ee\/en\/wp-json\/wp\/v2\/product_tag?post=20215"}],"curies":[{"name":"wp","href":"https:\/\/api.w.org\/{rel}","templated":true}]}}