{"id":20111,"date":"2023-02-23T12:00:03","date_gmt":"2023-02-23T10:00:03","guid":{"rendered":"https:\/\/farwell.ee\/toode\/toidu-termokott-615l-700x290x350mm\/"},"modified":"2025-10-14T11:30:05","modified_gmt":"2025-10-14T08:30:05","slug":"toidu-termokott-615l-700x290x350mm","status":"publish","type":"product","link":"https:\/\/farwell.ee\/en\/product\/toidu-termokott-615l-700x290x350mm\/","title":{"rendered":"Toidu termokott 61,5L, 700x290x350mm"},"content":{"rendered":"","protected":false},"excerpt":{"rendered":"<p>Ideaalne toitlustusettev\u00f5tetele, mis pakuvad kullerteenust.<br \/>\nKvaliteetne kolmekihiline isolatsioon hoiab soojad v\u00f5i k\u00fclmad toidud turvalisel temperatuuril.<br \/>\nV\u00e4limine kiht on vastupidav ja veekindel must pol\u00fcester.<br \/>\nSeinte vahel vahukiht, sisemine kiht on alumiiniumfoolium, isoleerib ja peegeldab soojust.<br \/>\nK\u00f5ik kontaktpinnad on valmistatud kergesti puhastatavatest materjalidest.<br \/>\nVineerplaatide lisamine seintesse tugevdab koti ehitust, mis aitab v\u00e4ltida deformeerumist transpordi ajal.<br \/>\nKaas on varustatud magnetiga, mis tagab tiheda sulgemise iga kord.<br \/>\nTakjakinnitusega tasku koti peal ja l\u00e4bipaistev tasku koti esik\u00fcljel arvete, voldikute jms jaoks.<br \/>\nMugavamaks kandmiseks on k\u00e4epidemed kaetud kummiga.<\/p>\n<p>Isoleeritud toidukott.<br \/>\nV\u00e4lism\u00f5\u00f5dud 700x290x350mm.<br \/>\nSisem\u00f5\u00f5dud 670x270x340mm.<\/p>","protected":false},"featured_media":35490,"template":"","meta":{"_acf_changed":false,"inline_featured_image":false},"product_brand":[],"product_cat":[5879],"product_tag":[],"class_list":{"0":"post-20111","1":"product","2":"type-product","3":"status-publish","4":"has-post-thumbnail","6":"product_cat-termokotid-sailitus-transport","7":"pa_kaubamark-hendi","9":"first","10":"instock","11":"shipping-taxable","12":"purchasable","13":"product-type-simple"},"acf":[],"_links":{"self":[{"href":"https:\/\/farwell.ee\/en\/wp-json\/wp\/v2\/product\/20111","targetHints":{"allow":["GET"]}}],"collection":[{"href":"https:\/\/farwell.ee\/en\/wp-json\/wp\/v2\/product"}],"about":[{"href":"https:\/\/farwell.ee\/en\/wp-json\/wp\/v2\/types\/product"}],"wp:featuredmedia":[{"embeddable":true,"href":"https:\/\/farwell.ee\/en\/wp-json\/wp\/v2\/media\/35490"}],"wp:attachment":[{"href":"https:\/\/farwell.ee\/en\/wp-json\/wp\/v2\/media?parent=20111"}],"wp:term":[{"taxonomy":"product_brand","embeddable":true,"href":"https:\/\/farwell.ee\/en\/wp-json\/wp\/v2\/product_brand?post=20111"},{"taxonomy":"product_cat","embeddable":true,"href":"https:\/\/farwell.ee\/en\/wp-json\/wp\/v2\/product_cat?post=20111"},{"taxonomy":"product_tag","embeddable":true,"href":"https:\/\/farwell.ee\/en\/wp-json\/wp\/v2\/product_tag?post=20111"}],"curies":[{"name":"wp","href":"https:\/\/api.w.org\/{rel}","templated":true}]}}