{"id":20100,"date":"2023-02-23T11:45:04","date_gmt":"2023-02-23T09:45:04","guid":{"rendered":"https:\/\/farwell.ee\/toode\/toidu-termokott-38l-540x460x200mm\/"},"modified":"2025-10-15T12:45:06","modified_gmt":"2025-10-15T09:45:06","slug":"toidu-termokott-38l-540x460x200mm","status":"publish","type":"product","link":"https:\/\/farwell.ee\/en\/product\/toidu-termokott-38l-540x460x200mm\/","title":{"rendered":"Toidu termokott 38L, 540x460x200mm"},"content":{"rendered":"","protected":false},"excerpt":{"rendered":"<p>Ideaalne toitlustusettev\u00f5tetele, mis pakuvad kullerteenust.<br \/>\nKvaliteetne kolmekihiline isolatsioon hoiab soojad v\u00f5i k\u00fclmad toidud turvalisel temperatuuril.<br \/>\nV\u00e4limine kiht on vastupidav ja veekindel must pol\u00fcester.<br \/>\nSeinte vahel vahukiht, sisemine kiht on alumiiniumfoolium, isoleerib ja peegeldab soojust.<br \/>\nK\u00f5ik kontaktpinnad on valmistatud kergesti puhastatavatest materjalidest.<br \/>\nVineerplaatide lisamine seintesse tugevdab koti ehitust, mis aitab v\u00e4ltida deformeerumist transpordi ajal.<br \/>\nKaas on varustatud magnetiga, mis tagab tiheda sulgemise iga kord.<br \/>\nTakjakinnitusega tasku koti peal ja l\u00e4bipaistev tasku koti esik\u00fcljel arvete, voldikute jms jaoks.<br \/>\nMugavamaks kandmiseks on k\u00e4epidemed kaetud kummiga.<\/p>\n<p>Isoleeritud toidukott.<br \/>\nV\u00e4lism\u00f5\u00f5dud 540x460x200mm.<br \/>\nSisem\u00f5\u00f5dud 505x430x175mm.<\/p>","protected":false},"featured_media":35530,"template":"","meta":{"_acf_changed":false,"inline_featured_image":false},"product_brand":[],"product_cat":[8418,5879],"product_tag":[],"class_list":{"0":"post-20100","1":"product","2":"type-product","3":"status-publish","4":"has-post-thumbnail","6":"product_cat-sailitus-ja-transport-outlet","7":"product_cat-termokotid-sailitus-transport","8":"pa_kaubamark-hendi","10":"first","11":"instock","12":"sale","13":"shipping-taxable","14":"purchasable","15":"product-type-simple"},"acf":[],"_links":{"self":[{"href":"https:\/\/farwell.ee\/en\/wp-json\/wp\/v2\/product\/20100","targetHints":{"allow":["GET"]}}],"collection":[{"href":"https:\/\/farwell.ee\/en\/wp-json\/wp\/v2\/product"}],"about":[{"href":"https:\/\/farwell.ee\/en\/wp-json\/wp\/v2\/types\/product"}],"wp:featuredmedia":[{"embeddable":true,"href":"https:\/\/farwell.ee\/en\/wp-json\/wp\/v2\/media\/35530"}],"wp:attachment":[{"href":"https:\/\/farwell.ee\/en\/wp-json\/wp\/v2\/media?parent=20100"}],"wp:term":[{"taxonomy":"product_brand","embeddable":true,"href":"https:\/\/farwell.ee\/en\/wp-json\/wp\/v2\/product_brand?post=20100"},{"taxonomy":"product_cat","embeddable":true,"href":"https:\/\/farwell.ee\/en\/wp-json\/wp\/v2\/product_cat?post=20100"},{"taxonomy":"product_tag","embeddable":true,"href":"https:\/\/farwell.ee\/en\/wp-json\/wp\/v2\/product_tag?post=20100"}],"curies":[{"name":"wp","href":"https:\/\/api.w.org\/{rel}","templated":true}]}}