{"id":20007,"date":"2023-02-20T14:15:05","date_gmt":"2023-02-20T12:15:05","guid":{"rendered":"https:\/\/farwell.ee\/toode\/pizza-termokott-445x510x190mm-3-4-le-pizzakarbile\/"},"modified":"2025-07-01T13:30:08","modified_gmt":"2025-07-01T10:30:08","slug":"pizza-termokott-445x510x190mm-3-4-le-pizzakarbile","status":"publish","type":"product","link":"https:\/\/farwell.ee\/en\/product\/pizza-termokott-445x510x190mm-3-4-le-pizzakarbile\/","title":{"rendered":"Pitsa termokott 445x510x190mm  3-4-le pitsakarbile"},"content":{"rendered":"","protected":false},"excerpt":{"rendered":"<p>Paks, vastupidav 600den must pol\u00fcesterriie.<br \/>\nHingav materjal kaitseb toidu kvaliteeti.<br \/>\nEriti lai klapp koti tihedaks sulgemiseks.<br \/>\nV\u00e4lism\u00f5\u00f5dud 445x510x190mm.<br \/>\nMahutavus: 3 pizzakarpi m\u00f5\u00f5duga 45,7cm v\u00f5i 4 pizzakarpi m\u00f5\u00f5duga 40,6cm<br \/>\n2 tugevat nailonrihma, mis on koti k\u00fclge \u00f5mmeldud.<br \/>\nMasinpestav.<br \/>\nV\u00f5imalik tellida ka punast pizzakotti.<\/p>","protected":false},"featured_media":20005,"template":"","meta":{"_acf_changed":false,"inline_featured_image":false},"product_brand":[],"product_cat":[5879],"product_tag":[6392],"class_list":{"0":"post-20007","1":"product","2":"type-product","3":"status-publish","4":"has-post-thumbnail","6":"product_cat-termokotid-sailitus-transport","7":"product_tag-pitsa","8":"pa_kaubamark-cambro","10":"first","11":"instock","12":"shipping-taxable","13":"purchasable","14":"product-type-simple"},"acf":[],"_links":{"self":[{"href":"https:\/\/farwell.ee\/en\/wp-json\/wp\/v2\/product\/20007","targetHints":{"allow":["GET"]}}],"collection":[{"href":"https:\/\/farwell.ee\/en\/wp-json\/wp\/v2\/product"}],"about":[{"href":"https:\/\/farwell.ee\/en\/wp-json\/wp\/v2\/types\/product"}],"wp:featuredmedia":[{"embeddable":true,"href":"https:\/\/farwell.ee\/en\/wp-json\/wp\/v2\/media\/20005"}],"wp:attachment":[{"href":"https:\/\/farwell.ee\/en\/wp-json\/wp\/v2\/media?parent=20007"}],"wp:term":[{"taxonomy":"product_brand","embeddable":true,"href":"https:\/\/farwell.ee\/en\/wp-json\/wp\/v2\/product_brand?post=20007"},{"taxonomy":"product_cat","embeddable":true,"href":"https:\/\/farwell.ee\/en\/wp-json\/wp\/v2\/product_cat?post=20007"},{"taxonomy":"product_tag","embeddable":true,"href":"https:\/\/farwell.ee\/en\/wp-json\/wp\/v2\/product_tag?post=20007"}],"curies":[{"name":"wp","href":"https:\/\/api.w.org\/{rel}","templated":true}]}}