{"id":19847,"date":"2023-02-09T14:15:03","date_gmt":"2023-02-09T12:15:03","guid":{"rendered":"https:\/\/farwell.ee\/toode\/kokanuga-18cm-santoku-32-kihiline-damaskus-kasumi\/"},"modified":"2025-10-23T15:30:04","modified_gmt":"2025-10-23T12:30:04","slug":"kokanuga-18cm-santoku-32-kihiline-damaskus-kasumi","status":"publish","type":"product","link":"https:\/\/farwell.ee\/en\/product\/kokanuga-18cm-santoku-32-kihiline-damaskus-kasumi\/","title":{"rendered":"Kokanuga 18cm Santoku 32-kihiline VG-10 Damaskus Kasumi"},"content":{"rendered":"","protected":false},"excerpt":{"rendered":"<p>Suurep\u00e4rane Jaapani kokanuga Kasumi seeriast VG10 terass\u00fcdamikuga, mida \u00fcmbritseb SUS410 teras.<br \/>\nK\u00e4epide on valmistatud pakkapuust.<br \/>\nVastupidav Jaapani kokanuga, mis sobib ideaalselt linnuliha ja k\u00f6\u00f6giviljade jaoks.<\/p>","protected":false},"featured_media":28589,"template":"","meta":{"_acf_changed":false,"inline_featured_image":false},"product_brand":[],"product_cat":[140],"product_tag":[],"class_list":{"0":"post-19847","1":"product","2":"type-product","3":"status-publish","4":"has-post-thumbnail","6":"product_cat-kooginoad","7":"pa_kaubamark-kasumi","9":"first","10":"instock","11":"sale","12":"shipping-taxable","13":"purchasable","14":"product-type-simple"},"acf":[],"_links":{"self":[{"href":"https:\/\/farwell.ee\/en\/wp-json\/wp\/v2\/product\/19847","targetHints":{"allow":["GET"]}}],"collection":[{"href":"https:\/\/farwell.ee\/en\/wp-json\/wp\/v2\/product"}],"about":[{"href":"https:\/\/farwell.ee\/en\/wp-json\/wp\/v2\/types\/product"}],"wp:featuredmedia":[{"embeddable":true,"href":"https:\/\/farwell.ee\/en\/wp-json\/wp\/v2\/media\/28589"}],"wp:attachment":[{"href":"https:\/\/farwell.ee\/en\/wp-json\/wp\/v2\/media?parent=19847"}],"wp:term":[{"taxonomy":"product_brand","embeddable":true,"href":"https:\/\/farwell.ee\/en\/wp-json\/wp\/v2\/product_brand?post=19847"},{"taxonomy":"product_cat","embeddable":true,"href":"https:\/\/farwell.ee\/en\/wp-json\/wp\/v2\/product_cat?post=19847"},{"taxonomy":"product_tag","embeddable":true,"href":"https:\/\/farwell.ee\/en\/wp-json\/wp\/v2\/product_tag?post=19847"}],"curies":[{"name":"wp","href":"https:\/\/api.w.org\/{rel}","templated":true}]}}