{"id":19764,"date":"2023-02-07T15:45:03","date_gmt":"2023-02-07T13:45:03","guid":{"rendered":"https:\/\/farwell.ee\/toode\/sailituskast-833l-poluetuleen-46x66x38cm-cambro\/"},"modified":"2026-01-16T12:15:10","modified_gmt":"2026-01-16T10:15:10","slug":"sailituskast-833l-poluetuleen-46x66x38cm-cambro","status":"publish","type":"product","link":"https:\/\/farwell.ee\/en\/product\/sailituskast-833l-poluetuleen-46x66x38cm-cambro\/","title":{"rendered":"S\u00e4ilituskast 83,3L pol\u00fcet\u00fcleen 46x66x38cm Cambro"},"content":{"rendered":"","protected":false},"excerpt":{"rendered":"","protected":false},"featured_media":19763,"template":"","meta":{"_acf_changed":false,"inline_featured_image":false},"product_brand":[],"product_cat":[5674],"product_tag":[],"class_list":{"0":"post-19764","1":"product","2":"type-product","3":"status-publish","4":"has-post-thumbnail","6":"product_cat-sailitus-ja-transpordikastid","7":"pa_kaubamark-cambro","9":"first","10":"outofstock","11":"shipping-taxable","12":"purchasable","13":"product-type-simple"},"acf":[],"_links":{"self":[{"href":"https:\/\/farwell.ee\/en\/wp-json\/wp\/v2\/product\/19764","targetHints":{"allow":["GET"]}}],"collection":[{"href":"https:\/\/farwell.ee\/en\/wp-json\/wp\/v2\/product"}],"about":[{"href":"https:\/\/farwell.ee\/en\/wp-json\/wp\/v2\/types\/product"}],"wp:featuredmedia":[{"embeddable":true,"href":"https:\/\/farwell.ee\/en\/wp-json\/wp\/v2\/media\/19763"}],"wp:attachment":[{"href":"https:\/\/farwell.ee\/en\/wp-json\/wp\/v2\/media?parent=19764"}],"wp:term":[{"taxonomy":"product_brand","embeddable":true,"href":"https:\/\/farwell.ee\/en\/wp-json\/wp\/v2\/product_brand?post=19764"},{"taxonomy":"product_cat","embeddable":true,"href":"https:\/\/farwell.ee\/en\/wp-json\/wp\/v2\/product_cat?post=19764"},{"taxonomy":"product_tag","embeddable":true,"href":"https:\/\/farwell.ee\/en\/wp-json\/wp\/v2\/product_tag?post=19764"}],"curies":[{"name":"wp","href":"https:\/\/api.w.org\/{rel}","templated":true}]}}