{"id":19734,"date":"2023-02-06T11:45:03","date_gmt":"2023-02-06T09:45:03","guid":{"rendered":"https:\/\/farwell.ee\/toode\/juurvilja-spiraalitaja\/"},"modified":"2025-07-01T08:15:09","modified_gmt":"2025-07-01T05:15:09","slug":"juurvilja-spiraalitaja","status":"publish","type":"product","link":"https:\/\/farwell.ee\/en\/product\/juurvilja-spiraalitaja\/","title":{"rendered":"K\u00f6\u00f6givilja spiraall\u00f5ikur"},"content":{"rendered":"","protected":false},"excerpt":{"rendered":"","protected":false},"featured_media":26961,"template":"","meta":{"_acf_changed":false,"inline_featured_image":false},"product_brand":[],"product_cat":[163],"product_tag":[6529,9705],"class_list":{"0":"post-19734","1":"product","2":"type-product","3":"status-publish","4":"has-post-thumbnail","6":"product_cat-riivid-koorijad-ja-pureestajad","7":"product_tag-juurvilja-spiraalloikur","8":"product_tag-juurviljaloikur","9":"pa_kaubamark-paderno","11":"first","12":"outofstock","13":"shipping-taxable","14":"purchasable","15":"product-type-simple"},"acf":[],"_links":{"self":[{"href":"https:\/\/farwell.ee\/en\/wp-json\/wp\/v2\/product\/19734","targetHints":{"allow":["GET"]}}],"collection":[{"href":"https:\/\/farwell.ee\/en\/wp-json\/wp\/v2\/product"}],"about":[{"href":"https:\/\/farwell.ee\/en\/wp-json\/wp\/v2\/types\/product"}],"wp:featuredmedia":[{"embeddable":true,"href":"https:\/\/farwell.ee\/en\/wp-json\/wp\/v2\/media\/26961"}],"wp:attachment":[{"href":"https:\/\/farwell.ee\/en\/wp-json\/wp\/v2\/media?parent=19734"}],"wp:term":[{"taxonomy":"product_brand","embeddable":true,"href":"https:\/\/farwell.ee\/en\/wp-json\/wp\/v2\/product_brand?post=19734"},{"taxonomy":"product_cat","embeddable":true,"href":"https:\/\/farwell.ee\/en\/wp-json\/wp\/v2\/product_cat?post=19734"},{"taxonomy":"product_tag","embeddable":true,"href":"https:\/\/farwell.ee\/en\/wp-json\/wp\/v2\/product_tag?post=19734"}],"curies":[{"name":"wp","href":"https:\/\/api.w.org\/{rel}","templated":true}]}}