{"id":19632,"date":"2023-02-01T15:45:03","date_gmt":"2023-02-01T13:45:03","guid":{"rendered":"https:\/\/farwell.ee\/toode\/saumikser-200mm-6-kiirusega-250w-max-kiirus-13500-p-min-2\/"},"modified":"2026-04-15T17:30:11","modified_gmt":"2026-04-15T14:30:11","slug":"saumikser-200mm-6-kiirusega-250w-max-kiirus-13500-p-min-2","status":"publish","type":"product","link":"https:\/\/farwell.ee\/en\/product\/saumikser-200mm-6-kiirusega-250w-max-kiirus-13500-p-min-2\/","title":{"rendered":"Saumikser 200mm 6-kiirusega, 250W, max.kiirus 13500 p\/min"},"content":{"rendered":"","protected":false},"excerpt":{"rendered":"<p>M\u00f5\u00f5dud: \u00f871mm, kogupikkus 444mm.<br \/>\n&#8211; Robert Bronwasser\u00b4i poolt disainitud.<br \/>\n&#8211; ABS plastikust korpus ja roostevabast terasest segamisvarras.<br \/>\n&#8211; Titaaniga kaetud roostevabast terasest sirbikujuline tera.<br \/>\n&#8211; V\u00f5imas 250W mootor, 6 kiirust.<br \/>\n&#8211; LCD-ekraaniga.<br \/>\n&#8211; Maksimaalne kiirus 13500 p \/ min.<br \/>\n&#8211; Sobib kasutamiseks 1\u20134 liitristes n\u00f5udes.<\/p>\n<p>Elektri\u00fchendus: 230V \/ 50Hz \/ 1-faasiline<\/p>","protected":false},"featured_media":32254,"template":"","meta":{"_acf_changed":false,"inline_featured_image":false},"product_brand":[],"product_cat":[5586],"product_tag":[],"class_list":{"0":"post-19632","1":"product","2":"type-product","3":"status-publish","4":"has-post-thumbnail","6":"product_cat-saumikserid","7":"pa_kaubamark-hendi","9":"first","10":"instock","11":"shipping-taxable","12":"purchasable","13":"product-type-simple"},"acf":[],"_links":{"self":[{"href":"https:\/\/farwell.ee\/en\/wp-json\/wp\/v2\/product\/19632","targetHints":{"allow":["GET"]}}],"collection":[{"href":"https:\/\/farwell.ee\/en\/wp-json\/wp\/v2\/product"}],"about":[{"href":"https:\/\/farwell.ee\/en\/wp-json\/wp\/v2\/types\/product"}],"wp:featuredmedia":[{"embeddable":true,"href":"https:\/\/farwell.ee\/en\/wp-json\/wp\/v2\/media\/32254"}],"wp:attachment":[{"href":"https:\/\/farwell.ee\/en\/wp-json\/wp\/v2\/media?parent=19632"}],"wp:term":[{"taxonomy":"product_brand","embeddable":true,"href":"https:\/\/farwell.ee\/en\/wp-json\/wp\/v2\/product_brand?post=19632"},{"taxonomy":"product_cat","embeddable":true,"href":"https:\/\/farwell.ee\/en\/wp-json\/wp\/v2\/product_cat?post=19632"},{"taxonomy":"product_tag","embeddable":true,"href":"https:\/\/farwell.ee\/en\/wp-json\/wp\/v2\/product_tag?post=19632"}],"curies":[{"name":"wp","href":"https:\/\/api.w.org\/{rel}","templated":true}]}}