{"id":19495,"date":"2023-01-31T10:30:04","date_gmt":"2023-01-31T08:30:04","guid":{"rendered":"https:\/\/farwell.ee\/toode\/kauss-135cm-maht-068-05l-varionorm-v609\/"},"modified":"2025-11-11T12:30:13","modified_gmt":"2025-11-11T10:30:13","slug":"kauss-135cm-maht-068-05l-varionorm-v609","status":"publish","type":"product","link":"https:\/\/farwell.ee\/en\/product\/kauss-135cm-maht-068-05l-varionorm-v609\/","title":{"rendered":"Kauss 0,68\/0,5L ladustatav, l\u00e4bim\u00f5\u00f5t 135mm Varionorm V609"},"content":{"rendered":"","protected":false},"excerpt":{"rendered":"","protected":false},"featured_media":19494,"template":"","meta":{"_acf_changed":false,"inline_featured_image":false},"product_brand":[],"product_cat":[132],"product_tag":[],"class_list":{"0":"post-19495","1":"product","2":"type-product","3":"status-publish","4":"has-post-thumbnail","6":"product_cat-kausid","7":"pa_kaubamark-seltmann","9":"first","10":"outofstock","11":"shipping-taxable","12":"purchasable","13":"product-type-simple"},"acf":[],"_links":{"self":[{"href":"https:\/\/farwell.ee\/en\/wp-json\/wp\/v2\/product\/19495","targetHints":{"allow":["GET"]}}],"collection":[{"href":"https:\/\/farwell.ee\/en\/wp-json\/wp\/v2\/product"}],"about":[{"href":"https:\/\/farwell.ee\/en\/wp-json\/wp\/v2\/types\/product"}],"wp:featuredmedia":[{"embeddable":true,"href":"https:\/\/farwell.ee\/en\/wp-json\/wp\/v2\/media\/19494"}],"wp:attachment":[{"href":"https:\/\/farwell.ee\/en\/wp-json\/wp\/v2\/media?parent=19495"}],"wp:term":[{"taxonomy":"product_brand","embeddable":true,"href":"https:\/\/farwell.ee\/en\/wp-json\/wp\/v2\/product_brand?post=19495"},{"taxonomy":"product_cat","embeddable":true,"href":"https:\/\/farwell.ee\/en\/wp-json\/wp\/v2\/product_cat?post=19495"},{"taxonomy":"product_tag","embeddable":true,"href":"https:\/\/farwell.ee\/en\/wp-json\/wp\/v2\/product_tag?post=19495"}],"curies":[{"name":"wp","href":"https:\/\/api.w.org\/{rel}","templated":true}]}}