{"id":19403,"date":"2023-01-27T11:00:05","date_gmt":"2023-01-27T09:00:05","guid":{"rendered":"https:\/\/farwell.ee\/toode\/frituur-2x4l-voimsus-2x3kw\/"},"modified":"2026-01-22T16:45:07","modified_gmt":"2026-01-22T14:45:07","slug":"frituur-2x4l-voimsus-2x3kw","status":"publish","type":"product","link":"https:\/\/farwell.ee\/en\/product\/frituur-2x4l-voimsus-2x3kw\/","title":{"rendered":"Frit\u00fc\u00fcr 2x4L, v\u00f5imsus 2x3kW"},"content":{"rendered":"","protected":false},"excerpt":{"rendered":"<p>\u2022 Lauapealne mudel<br \/>\n\u2022 Roostevabast terasest korpus ja \u00f5lianum<br \/>\n\u2022 Eemaldatav \u00f5livann<br \/>\n\u2022 Sujuv temperatuuri reguleerimine kuni 190\u00b0 C<br \/>\n\u2022 Eemaldatav k\u00fcttekeha tagab kerge puhastamise.<br \/>\n\u2022 Lahtiv\u00f5etaval juhtpaneelil on t\u00e4iendav kaitses\u00fcsteem, mis l\u00fclitab frit\u00fc\u00fcri selle eemaldamise korral v\u00e4lja.<br \/>\n\u2022 \u201cK\u00fclma tsooni\u201d s\u00fcsteem \u2013 puru vajub \u00f5livanni p\u00f5hjale, ku \u00f5li temperatuur on madalam.<br \/>\n\u2022 Pika isoleeritud k\u00e4epidemega korv.<br \/>\n\u2022 Komplektis korv ja kaas.<br \/>\n\u2022 T\u00f6\u00f6tamise m\u00e4rgutuli.<br \/>\n\u2022 Turvatermostaat<br \/>\n\u2022 Maht: 2 x 4 ltr.<br \/>\n\u2022 Elekter: 230 V \/ 1 faas \/ 2 x 3 kW<br \/>\n\u2022 M\u00f5\u00f5dud: 470 x 420 x 330 mm<\/p>","protected":false},"featured_media":31021,"template":"","meta":{"_acf_changed":false,"inline_featured_image":false},"product_brand":[],"product_cat":[8585],"product_tag":[],"class_list":{"0":"post-19403","1":"product","2":"type-product","3":"status-publish","4":"has-post-thumbnail","6":"product_cat-frituurid","7":"pa_kaubamark-hendi","9":"first","10":"instock","11":"shipping-taxable","12":"purchasable","13":"product-type-simple"},"acf":[],"_links":{"self":[{"href":"https:\/\/farwell.ee\/en\/wp-json\/wp\/v2\/product\/19403","targetHints":{"allow":["GET"]}}],"collection":[{"href":"https:\/\/farwell.ee\/en\/wp-json\/wp\/v2\/product"}],"about":[{"href":"https:\/\/farwell.ee\/en\/wp-json\/wp\/v2\/types\/product"}],"wp:featuredmedia":[{"embeddable":true,"href":"https:\/\/farwell.ee\/en\/wp-json\/wp\/v2\/media\/31021"}],"wp:attachment":[{"href":"https:\/\/farwell.ee\/en\/wp-json\/wp\/v2\/media?parent=19403"}],"wp:term":[{"taxonomy":"product_brand","embeddable":true,"href":"https:\/\/farwell.ee\/en\/wp-json\/wp\/v2\/product_brand?post=19403"},{"taxonomy":"product_cat","embeddable":true,"href":"https:\/\/farwell.ee\/en\/wp-json\/wp\/v2\/product_cat?post=19403"},{"taxonomy":"product_tag","embeddable":true,"href":"https:\/\/farwell.ee\/en\/wp-json\/wp\/v2\/product_tag?post=19403"}],"curies":[{"name":"wp","href":"https:\/\/api.w.org\/{rel}","templated":true}]}}