{"id":19402,"date":"2023-01-27T11:00:05","date_gmt":"2023-01-27T09:00:05","guid":{"rendered":"https:\/\/farwell.ee\/toode\/frituur-4l-voimsus-20kw\/"},"modified":"2026-03-31T10:30:08","modified_gmt":"2026-03-31T07:30:08","slug":"frituur-4l-voimsus-20kw","status":"publish","type":"product","link":"https:\/\/farwell.ee\/en\/product\/frituur-4l-voimsus-20kw\/","title":{"rendered":"Frit\u00fc\u00fcr 4L, v\u00f5imsus 2,0kW SNACK I"},"content":{"rendered":"","protected":false},"excerpt":{"rendered":"","protected":false},"featured_media":33362,"template":"","meta":{"_acf_changed":false,"inline_featured_image":false},"product_brand":[],"product_cat":[5584],"product_tag":[],"class_list":{"0":"post-19402","1":"product","2":"type-product","3":"status-publish","4":"has-post-thumbnail","6":"product_cat-profifrituurid","7":"pa_kaubamark-bartscher","9":"first","10":"instock","11":"shipping-taxable","12":"purchasable","13":"product-type-simple"},"acf":[],"_links":{"self":[{"href":"https:\/\/farwell.ee\/en\/wp-json\/wp\/v2\/product\/19402","targetHints":{"allow":["GET"]}}],"collection":[{"href":"https:\/\/farwell.ee\/en\/wp-json\/wp\/v2\/product"}],"about":[{"href":"https:\/\/farwell.ee\/en\/wp-json\/wp\/v2\/types\/product"}],"wp:featuredmedia":[{"embeddable":true,"href":"https:\/\/farwell.ee\/en\/wp-json\/wp\/v2\/media\/33362"}],"wp:attachment":[{"href":"https:\/\/farwell.ee\/en\/wp-json\/wp\/v2\/media?parent=19402"}],"wp:term":[{"taxonomy":"product_brand","embeddable":true,"href":"https:\/\/farwell.ee\/en\/wp-json\/wp\/v2\/product_brand?post=19402"},{"taxonomy":"product_cat","embeddable":true,"href":"https:\/\/farwell.ee\/en\/wp-json\/wp\/v2\/product_cat?post=19402"},{"taxonomy":"product_tag","embeddable":true,"href":"https:\/\/farwell.ee\/en\/wp-json\/wp\/v2\/product_tag?post=19402"}],"curies":[{"name":"wp","href":"https:\/\/api.w.org\/{rel}","templated":true}]}}