{"id":19386,"date":"2023-01-27T09:30:03","date_gmt":"2023-01-27T07:30:03","guid":{"rendered":"https:\/\/farwell.ee\/toode\/kokanuga-165cm-santoku-69-kihiline-damaskus-vg-10-ran-yaxell\/"},"modified":"2026-01-06T15:15:04","modified_gmt":"2026-01-06T13:15:04","slug":"kokanuga-165cm-santoku-69-kihiline-damaskus-vg-10-ran-yaxell","status":"publish","type":"product","link":"https:\/\/farwell.ee\/en\/product\/kokanuga-165cm-santoku-69-kihiline-damaskus-vg-10-ran-yaxell\/","title":{"rendered":"Kokanuga 16,5cm Santoku 69-kihiline Damaskus VG-10 RAN"},"content":{"rendered":"","protected":false},"excerpt":{"rendered":"<p>Tuumikmaterjal VG10 \u201esuper teras\u201c koosneb koobaltist, mol\u00fcbdeenist, vanaadiumist ja s\u00fcsinikust.<br \/>\nTera k\u00f5vadus Rockwelli skaalas HRC61.<br \/>\nRAN sarja kokanoa teritusnurk on 10 kraadi.<br \/>\nVG10 k\u00f5rgs\u00fcsinikteras on kaetud m\u00f5lemalt poolt 34-kihilise mol\u00fcbdeen-vanaadium roostevaba terase kihiga, mis annab nugadele vajaliku stabiilsuse ja elastsuse.<\/p>\n<p>K\u00e4epide on valmistatud mustast Canvas-Micarta\u00b4st (lina ja loodusliku vaigu segu), mis on l\u00f5hnavaba ja tohutult vastupidav materjal.<br \/>\nKaks roostevabast terasest neeti kinnitavad k\u00e4epideme tihedalt.<br \/>\nK\u00e4epideme ots on valmistatud roostevabast terasest, mis annab noale v\u00e4ljapaistva stabiilsuse ja tasakaalu.<\/p>\n<p>S\u00f5na RAN t\u00e4hendab t\u00f5lkes &#8220;suurep\u00e4rane&#8221;.<\/p>","protected":false},"featured_media":19385,"template":"","meta":{"_acf_changed":false,"inline_featured_image":false},"product_brand":[],"product_cat":[140],"product_tag":[],"class_list":{"0":"post-19386","1":"product","2":"type-product","3":"status-publish","4":"has-post-thumbnail","6":"product_cat-kooginoad","7":"pa_kaubamark-yaxell","9":"first","10":"instock","11":"shipping-taxable","12":"purchasable","13":"product-type-simple"},"acf":[],"_links":{"self":[{"href":"https:\/\/farwell.ee\/en\/wp-json\/wp\/v2\/product\/19386","targetHints":{"allow":["GET"]}}],"collection":[{"href":"https:\/\/farwell.ee\/en\/wp-json\/wp\/v2\/product"}],"about":[{"href":"https:\/\/farwell.ee\/en\/wp-json\/wp\/v2\/types\/product"}],"wp:featuredmedia":[{"embeddable":true,"href":"https:\/\/farwell.ee\/en\/wp-json\/wp\/v2\/media\/19385"}],"wp:attachment":[{"href":"https:\/\/farwell.ee\/en\/wp-json\/wp\/v2\/media?parent=19386"}],"wp:term":[{"taxonomy":"product_brand","embeddable":true,"href":"https:\/\/farwell.ee\/en\/wp-json\/wp\/v2\/product_brand?post=19386"},{"taxonomy":"product_cat","embeddable":true,"href":"https:\/\/farwell.ee\/en\/wp-json\/wp\/v2\/product_cat?post=19386"},{"taxonomy":"product_tag","embeddable":true,"href":"https:\/\/farwell.ee\/en\/wp-json\/wp\/v2\/product_tag?post=19386"}],"curies":[{"name":"wp","href":"https:\/\/api.w.org\/{rel}","templated":true}]}}