{"id":19365,"date":"2023-01-26T17:00:03","date_gmt":"2023-01-26T15:00:03","guid":{"rendered":"https:\/\/farwell.ee\/toode\/friruur-2x8l-voimsus-2x35kw\/"},"modified":"2026-03-24T12:00:04","modified_gmt":"2026-03-24T10:00:04","slug":"friruur-2x8l-voimsus-2x35kw","status":"publish","type":"product","link":"https:\/\/farwell.ee\/en\/product\/friruur-2x8l-voimsus-2x35kw\/","title":{"rendered":"Frit\u00fc\u00fcr 2x8L, v\u00f5imsus 2&#215;3,5kW"},"content":{"rendered":"","protected":false},"excerpt":{"rendered":"","protected":false},"featured_media":31022,"template":"","meta":{"_acf_changed":false,"inline_featured_image":false},"product_brand":[],"product_cat":[8585],"product_tag":[],"class_list":{"0":"post-19365","1":"product","2":"type-product","3":"status-publish","4":"has-post-thumbnail","6":"product_cat-frituurid","7":"pa_kaubamark-hendi","9":"first","10":"instock","11":"shipping-taxable","12":"purchasable","13":"product-type-simple"},"acf":[],"_links":{"self":[{"href":"https:\/\/farwell.ee\/en\/wp-json\/wp\/v2\/product\/19365","targetHints":{"allow":["GET"]}}],"collection":[{"href":"https:\/\/farwell.ee\/en\/wp-json\/wp\/v2\/product"}],"about":[{"href":"https:\/\/farwell.ee\/en\/wp-json\/wp\/v2\/types\/product"}],"wp:featuredmedia":[{"embeddable":true,"href":"https:\/\/farwell.ee\/en\/wp-json\/wp\/v2\/media\/31022"}],"wp:attachment":[{"href":"https:\/\/farwell.ee\/en\/wp-json\/wp\/v2\/media?parent=19365"}],"wp:term":[{"taxonomy":"product_brand","embeddable":true,"href":"https:\/\/farwell.ee\/en\/wp-json\/wp\/v2\/product_brand?post=19365"},{"taxonomy":"product_cat","embeddable":true,"href":"https:\/\/farwell.ee\/en\/wp-json\/wp\/v2\/product_cat?post=19365"},{"taxonomy":"product_tag","embeddable":true,"href":"https:\/\/farwell.ee\/en\/wp-json\/wp\/v2\/product_tag?post=19365"}],"curies":[{"name":"wp","href":"https:\/\/api.w.org\/{rel}","templated":true}]}}