{"id":19322,"date":"2023-01-26T11:15:04","date_gmt":"2023-01-26T09:15:04","guid":{"rendered":"https:\/\/farwell.ee\/toode\/jaapani-mandoliin-nr-64-kitsas-tera-laius-64mm\/"},"modified":"2026-04-13T10:45:11","modified_gmt":"2026-04-13T07:45:11","slug":"jaapani-mandoliin-nr-64-kitsas-tera-laius-64mm","status":"publish","type":"product","link":"https:\/\/farwell.ee\/en\/product\/jaapani-mandoliin-nr-64-kitsas-tera-laius-64mm\/","title":{"rendered":"Jaapani mandoliin Nr.64 kitsas, tera laius 64mm"},"content":{"rendered":"","protected":false},"excerpt":{"rendered":"<p>Jaapani Benrineri mandoliin on nii professionaalide kui ka kvaliteediteadlike kodukokkade valik number \u00fcks.<\/p>\n<p>\u00dcliteravad jaapani terasest l\u00f5iketerad.<br \/>\nNelja erineva teraga saate viilutada, ribastada ja riivida toitu \u00fchtlaselt ja kiiresti.<br \/>\nReguleeritav tera v\u00f5imaldab teil reguleerida paksust alates pooll\u00e4bipaistvatest \u00f5hukestest kaunistustest kuni paksemate viiludeni.<br \/>\nLibisemisvastane padi hoiab mandoliini kindlalt paigal<br \/>\nK\u00e4ekaitse v\u00f5imaldab koostisained ohutult viilutada..<br \/>\nSobib suurep\u00e4raselt muuhulgas kartulile, sibulale, seentele, kurkidele, redistele jne.<\/p>\n<p>Kaasas on reguleeritav kvaliteetne viilutustera ja kolm vahetatavat 1 mm, 3 mm ja 7 mm ribatera ehk Julienne tera.<br \/>\nUuenenud mudelil on ka libisemisvastane pind ja k\u00e4tekaitse.<br \/>\nMandoliini terad on valmistatud roostevabast terasest ja \u00fclej\u00e4\u00e4nud osad on plastikust.<\/p>\n<p>Mandoliini m\u00f5\u00f5dud 32 x 10 x 4cm.<br \/>\nL\u00f5iketera laius on 6,5 cm.<\/p>","protected":false},"featured_media":19321,"template":"","meta":{"_acf_changed":false,"inline_featured_image":false},"product_brand":[],"product_cat":[163],"product_tag":[9576],"class_list":{"0":"post-19322","1":"product","2":"type-product","3":"status-publish","4":"has-post-thumbnail","6":"product_cat-riivid-koorijad-ja-pureestajad","7":"product_tag-kasiriiv","8":"pa_kaubamark-benriner","10":"first","11":"instock","12":"shipping-taxable","13":"purchasable","14":"product-type-simple"},"acf":[],"_links":{"self":[{"href":"https:\/\/farwell.ee\/en\/wp-json\/wp\/v2\/product\/19322","targetHints":{"allow":["GET"]}}],"collection":[{"href":"https:\/\/farwell.ee\/en\/wp-json\/wp\/v2\/product"}],"about":[{"href":"https:\/\/farwell.ee\/en\/wp-json\/wp\/v2\/types\/product"}],"wp:featuredmedia":[{"embeddable":true,"href":"https:\/\/farwell.ee\/en\/wp-json\/wp\/v2\/media\/19321"}],"wp:attachment":[{"href":"https:\/\/farwell.ee\/en\/wp-json\/wp\/v2\/media?parent=19322"}],"wp:term":[{"taxonomy":"product_brand","embeddable":true,"href":"https:\/\/farwell.ee\/en\/wp-json\/wp\/v2\/product_brand?post=19322"},{"taxonomy":"product_cat","embeddable":true,"href":"https:\/\/farwell.ee\/en\/wp-json\/wp\/v2\/product_cat?post=19322"},{"taxonomy":"product_tag","embeddable":true,"href":"https:\/\/farwell.ee\/en\/wp-json\/wp\/v2\/product_tag?post=19322"}],"curies":[{"name":"wp","href":"https:\/\/api.w.org\/{rel}","templated":true}]}}