{"id":18149,"date":"2023-01-12T18:15:02","date_gmt":"2023-01-12T16:15:02","guid":{"rendered":"https:\/\/farwell.ee\/toode\/riisikeetja-8l-230v-195kw\/"},"modified":"2026-04-06T10:45:05","modified_gmt":"2026-04-06T07:45:05","slug":"riisikeetja-8l-230v-195kw","status":"publish","type":"product","link":"https:\/\/farwell.ee\/en\/product\/riisikeetja-8l-230v-195kw\/","title":{"rendered":"Riisikeetja 8L, v\u00f5imsus 1,95kW"},"content":{"rendered":"","protected":false},"excerpt":{"rendered":"<p>Selle 8-liitrise riisikeetja abil saate k\u00fcpsetada kuni 40 portsjonit t\u00e4iuslikku riisi ja hoida seda kuumana.<br \/>\nKaasasolev silikoonmatt hoiab \u00e4ra p\u00f5lemise sisemise poti sees ja teeb puhastamise lihtsaks.<\/p>\n<p>Elekter: 230 V, 50\/60 Hz, \u00fchefaasiline<br \/>\nKontrolllamp<br \/>\nON\/OFF l\u00fcliti<br \/>\nEriti suured k\u00e4epidemed<br \/>\nSilikoonmatt<br \/>\nTootmiskogus: riisi 25 &#8211; 40 portsjonit<br \/>\nMaht 8 liitrit<br \/>\nSisemine pott mittenakkuva kattega<br \/>\nV\u00f5imsus 1,95 kW<br \/>\nKaasas: 1 m\u00f5\u00f5teklaas, 1 riisilusikas, 1 silikoonmatt, 1 riisikahvel.<br \/>\nMaterjal: roostevaba teras\/plastik<br \/>\nM\u00f5\u00f5dud: laius 380 mm, s\u00fcgavus 470 mm, k\u00f5rgus 345 mm<br \/>\nKaal 10,09 kg<\/p>","protected":false},"featured_media":33158,"template":"","meta":{"_acf_changed":false,"inline_featured_image":false},"product_brand":[],"product_cat":[5585],"product_tag":[],"class_list":{"0":"post-18149","1":"product","2":"type-product","3":"status-publish","4":"has-post-thumbnail","6":"product_cat-riisikeetjad","7":"pa_kaubamark-bartscher","9":"first","10":"instock","11":"shipping-taxable","12":"purchasable","13":"product-type-simple"},"acf":[],"_links":{"self":[{"href":"https:\/\/farwell.ee\/en\/wp-json\/wp\/v2\/product\/18149","targetHints":{"allow":["GET"]}}],"collection":[{"href":"https:\/\/farwell.ee\/en\/wp-json\/wp\/v2\/product"}],"about":[{"href":"https:\/\/farwell.ee\/en\/wp-json\/wp\/v2\/types\/product"}],"wp:featuredmedia":[{"embeddable":true,"href":"https:\/\/farwell.ee\/en\/wp-json\/wp\/v2\/media\/33158"}],"wp:attachment":[{"href":"https:\/\/farwell.ee\/en\/wp-json\/wp\/v2\/media?parent=18149"}],"wp:term":[{"taxonomy":"product_brand","embeddable":true,"href":"https:\/\/farwell.ee\/en\/wp-json\/wp\/v2\/product_brand?post=18149"},{"taxonomy":"product_cat","embeddable":true,"href":"https:\/\/farwell.ee\/en\/wp-json\/wp\/v2\/product_cat?post=18149"},{"taxonomy":"product_tag","embeddable":true,"href":"https:\/\/farwell.ee\/en\/wp-json\/wp\/v2\/product_tag?post=18149"}],"curies":[{"name":"wp","href":"https:\/\/api.w.org\/{rel}","templated":true}]}}