{"id":16889,"date":"2022-09-26T11:16:44","date_gmt":"2022-09-26T08:16:44","guid":{"rendered":"https:\/\/farwell.ee\/toode\/kaas-auguga-gn1-2\/"},"modified":"2026-03-03T10:00:06","modified_gmt":"2026-03-03T08:00:06","slug":"kaas-auguga-gn1-2","status":"publish","type":"product","link":"https:\/\/farwell.ee\/en\/product\/kaas-auguga-gn1-2\/","title":{"rendered":"Kuppelkaas GN 1\/2 avatud k\u00fcljega"},"content":{"rendered":"","protected":false},"excerpt":{"rendered":"<p>SAN-plastikust (st\u00fcreen-akr\u00fc\u00fclnitriil) l\u00e4bipaistev kuppelkaas.<br \/>\nHea pinna k\u00f5vadus; temperatuurimuutustele vastupidav; n\u00f5udepesumasinas pestav.<br \/>\nSobib toodete suletud serveerimiseks koos erinevate GN 1\/2 kandikutega ja korvidega.<br \/>\nMax. temperatuuritaluvus +100C.<\/p>","protected":false},"featured_media":36604,"template":"","meta":{"_acf_changed":false,"inline_featured_image":false},"product_brand":[],"product_cat":[12446],"product_tag":[6511,6309],"class_list":{"0":"post-16889","1":"product","2":"type-product","3":"status-publish","4":"has-post-thumbnail","6":"product_cat-kuppelkaaned","7":"product_tag-kuppelkaas-auguga","8":"product_tag-kuppelkaas-avatud-kuljega","9":"pa_kaubamark-aps","11":"first","12":"outofstock","13":"shipping-taxable","14":"purchasable","15":"product-type-simple"},"acf":[],"_links":{"self":[{"href":"https:\/\/farwell.ee\/en\/wp-json\/wp\/v2\/product\/16889","targetHints":{"allow":["GET"]}}],"collection":[{"href":"https:\/\/farwell.ee\/en\/wp-json\/wp\/v2\/product"}],"about":[{"href":"https:\/\/farwell.ee\/en\/wp-json\/wp\/v2\/types\/product"}],"wp:featuredmedia":[{"embeddable":true,"href":"https:\/\/farwell.ee\/en\/wp-json\/wp\/v2\/media\/36604"}],"wp:attachment":[{"href":"https:\/\/farwell.ee\/en\/wp-json\/wp\/v2\/media?parent=16889"}],"wp:term":[{"taxonomy":"product_brand","embeddable":true,"href":"https:\/\/farwell.ee\/en\/wp-json\/wp\/v2\/product_brand?post=16889"},{"taxonomy":"product_cat","embeddable":true,"href":"https:\/\/farwell.ee\/en\/wp-json\/wp\/v2\/product_cat?post=16889"},{"taxonomy":"product_tag","embeddable":true,"href":"https:\/\/farwell.ee\/en\/wp-json\/wp\/v2\/product_tag?post=16889"}],"curies":[{"name":"wp","href":"https:\/\/api.w.org\/{rel}","templated":true}]}}