{"id":16721,"date":"2022-06-16T12:55:46","date_gmt":"2022-06-16T09:55:46","guid":{"rendered":"https:\/\/farwell.ee\/?post_type=product&#038;p=16721"},"modified":"2025-01-27T13:36:34","modified_gmt":"2025-01-27T11:36:34","slug":"trummelkuivati-mypro-xl-te1220g","status":"publish","type":"product","link":"https:\/\/farwell.ee\/en\/product\/trummelkuivati-mypro-xl-te1220g\/","title":{"rendered":"Trummelkuivati myPRO XL TE1220G"},"content":{"rendered":"","protected":false},"excerpt":{"rendered":"<p><strong>Nutikas kuivati profikasutajale<\/strong><\/p>\n<p>Loodud <strong>nutikatele ettev\u00f5tetele<\/strong>, kes vajavad <strong>suuremat mahutavust<\/strong>, <strong>pikemat vastupidavust<\/strong> ja <strong>ultrakiirust<\/strong> m\u00f5istliku hinnaga<\/p>\n<p><span style=\"font-size: 14pt\"><strong>Eelised ja omadused<\/strong><\/span><\/p>\n<p>Erakordne vastupidavus \u2013 kasutusiga 15 000+ ts\u00fcklit<\/p>\n<ul>\n<li>Valmistatud t\u00f6\u00f6stuslikest komponentides ja kestab pea kuus korda kauem kui kodumajapidamise kuivatid<\/li>\n<li>kerge puhastada, t\u00f6\u00f6stuslik ebemefilter<\/li>\n<\/ul>\n<p>Kiirem ja t\u00f5husam kuivatamine:<\/p>\n<ul>\n<li>Suurem mahutavus: 12 kg<\/li>\n<li>Teljesihiline \u00f5huvool tagab kiirema kuivatuse madalaima energiatarbega<\/li>\n<\/ul>\n<p><strong>Suurem paindlikkus ja kasutusmugavus<\/strong><\/p>\n<ul>\n<li>Valikuline virnastuskomplekt pesumasina+kuivati virnastamiseks<\/li>\n<li>v\u00e4hem vibratsiooni ja m\u00fcra t\u00e4nu rullikutel trummelile<\/li>\n<li>Eriti suur luugiava pesude mugavaks laadimisek<\/li>\n<li>Esik\u00fcljelt ligip\u00e4\u00e4s lihtsustab masina hooldust<\/li>\n<\/ul>\n<p><strong>T\u00e4iuslik v\u00e4ikeettev\u00f5tetele, n\u00e4iteks:<\/strong><\/p>\n<ul>\n<li>v\u00e4iksematele hotellidele<\/li>\n<li>v\u00f5\u00f5rastemajadele<\/li>\n<li>restoranidele<\/li>\n<li>spordi- ja terviseklubidele<\/li>\n<li>hooldekodudele<\/li>\n<\/ul>\n<p><strong>Lisav\u00f5imalused<\/strong><\/p>\n<ul>\n<li>\u00dchendamine m\u00fcndiloenduritega.<\/li>\n<li>Ruumi s\u00e4\u00e4stmiseks virnastusv\u00f5imalus myPro XL TE1220E trummelkuivatiga.<\/li>\n<\/ul>\n<p>&nbsp;<\/p>\n<p><strong>Tootekood<\/strong><br \/>\nmyPRO XL TE1220G<\/p>\n<p><strong>Mahutavus, kg<\/strong><br \/>\n12<\/p>\n<p><strong>Trumli maht, L<\/strong><br \/>\n218<\/p>\n<p><strong>Kuivatustehnoloogia:<\/strong><br \/>\nventileeriv<\/p>\n<p><strong>K\u00fcte<\/strong><br \/>\nGaas (LPG, Natural gas)<\/p>\n<p><strong>Elektri\u00fchendus, kW\/V\/Hz\/A<\/strong><br \/>\n5 \/ 230 \/ 50 \/ 25<\/p>\n<p><strong>Kuivatusprogrammi kestus, min<\/strong><br \/>\n87 (60\u00b0C, 60% j\u00e4\u00e4kniiskusega)<\/p>\n<p><strong>Programmi energiakulu, kWh<\/strong><br \/>\n7,21<\/p>\n<p><strong>M\u00f5\u00f5dud (LxSxK), mm<\/strong><br \/>\n686 x 822 x 1098<\/p>\n<p><strong>Tooteleht: <\/strong><a href=\"https:\/\/farwell.ee\/wp-content\/uploads\/EPR_PDS_myproXL-dryer-TE1220G_ENG_21_08_26-1.pdf\">myPRO XL TE1220G<\/a><\/p>","protected":false},"featured_media":15308,"template":"","meta":{"_acf_changed":false,"inline_featured_image":false},"product_brand":[],"product_cat":[4128],"product_tag":[],"class_list":{"0":"post-16721","1":"product","2":"type-product","3":"status-publish","4":"has-post-thumbnail","6":"product_cat-pesumasinad-ja-kuivatid-professionaalseks-kasutuseks","8":"first","9":"outofstock","10":"shipping-taxable","11":"purchasable","12":"product-type-simple"},"acf":[],"_links":{"self":[{"href":"https:\/\/farwell.ee\/en\/wp-json\/wp\/v2\/product\/16721","targetHints":{"allow":["GET"]}}],"collection":[{"href":"https:\/\/farwell.ee\/en\/wp-json\/wp\/v2\/product"}],"about":[{"href":"https:\/\/farwell.ee\/en\/wp-json\/wp\/v2\/types\/product"}],"wp:featuredmedia":[{"embeddable":true,"href":"https:\/\/farwell.ee\/en\/wp-json\/wp\/v2\/media\/15308"}],"wp:attachment":[{"href":"https:\/\/farwell.ee\/en\/wp-json\/wp\/v2\/media?parent=16721"}],"wp:term":[{"taxonomy":"product_brand","embeddable":true,"href":"https:\/\/farwell.ee\/en\/wp-json\/wp\/v2\/product_brand?post=16721"},{"taxonomy":"product_cat","embeddable":true,"href":"https:\/\/farwell.ee\/en\/wp-json\/wp\/v2\/product_cat?post=16721"},{"taxonomy":"product_tag","embeddable":true,"href":"https:\/\/farwell.ee\/en\/wp-json\/wp\/v2\/product_tag?post=16721"}],"curies":[{"name":"wp","href":"https:\/\/api.w.org\/{rel}","templated":true}]}}