{"id":16142,"date":"2021-12-20T13:00:03","date_gmt":"2021-12-20T11:00:03","guid":{"rendered":"https:\/\/farwell.ee\/toode\/koogi-munapann-4-suvendiga\/"},"modified":"2025-11-13T11:00:05","modified_gmt":"2025-11-13T09:00:05","slug":"koogi-munapann-4-suvendiga","status":"publish","type":"product","link":"https:\/\/farwell.ee\/en\/product\/koogi-munapann-4-suvendiga\/","title":{"rendered":"Pliini- ja munapann 26cm 4-s\u00fcvendiga (ei sobi induktsioonile)"},"content":{"rendered":"","protected":false},"excerpt":{"rendered":"<p>Sobilik praadimislabidas munade ja pliinide \u00fcmberp\u00f6\u00f6ramiseks on toode koodiga 20452270.<\/p>","protected":false},"featured_media":34812,"template":"","meta":{"_acf_changed":false,"inline_featured_image":false},"product_brand":[],"product_cat":[152],"product_tag":[6143,6145],"class_list":{"0":"post-16142","1":"product","2":"type-product","3":"status-publish","4":"has-post-thumbnail","6":"product_cat-pannid","7":"product_tag-praadimispann","8":"product_tag-praepann","9":"pa_kaubamark-amt-gastroguss","11":"first","12":"outofstock","13":"shipping-taxable","14":"purchasable","15":"product-type-simple"},"acf":[],"_links":{"self":[{"href":"https:\/\/farwell.ee\/en\/wp-json\/wp\/v2\/product\/16142","targetHints":{"allow":["GET"]}}],"collection":[{"href":"https:\/\/farwell.ee\/en\/wp-json\/wp\/v2\/product"}],"about":[{"href":"https:\/\/farwell.ee\/en\/wp-json\/wp\/v2\/types\/product"}],"wp:featuredmedia":[{"embeddable":true,"href":"https:\/\/farwell.ee\/en\/wp-json\/wp\/v2\/media\/34812"}],"wp:attachment":[{"href":"https:\/\/farwell.ee\/en\/wp-json\/wp\/v2\/media?parent=16142"}],"wp:term":[{"taxonomy":"product_brand","embeddable":true,"href":"https:\/\/farwell.ee\/en\/wp-json\/wp\/v2\/product_brand?post=16142"},{"taxonomy":"product_cat","embeddable":true,"href":"https:\/\/farwell.ee\/en\/wp-json\/wp\/v2\/product_cat?post=16142"},{"taxonomy":"product_tag","embeddable":true,"href":"https:\/\/farwell.ee\/en\/wp-json\/wp\/v2\/product_tag?post=16142"}],"curies":[{"name":"wp","href":"https:\/\/api.w.org\/{rel}","templated":true}]}}